{"id":3,"date":"2025-10-31T07:00:33","date_gmt":"2025-10-31T07:00:33","guid":{"rendered":"http:\/\/ceiplorcaalcala.es\/?page_id=3"},"modified":"2026-01-24T11:22:15","modified_gmt":"2026-01-24T11:22:15","slug":"privacy-policy","status":"publish","type":"page","link":"https:\/\/ceiplorcaalcala.es\/?page_id=3","title":{"rendered":"Aviso Legal y Privacidad"},"content":{"rendered":"\t\t<div data-elementor-type=\"wp-page\" data-elementor-id=\"3\" class=\"elementor elementor-3\" data-elementor-post-type=\"page\">\n\t\t\t\t<div class=\"elementor-element elementor-element-3fd35be6 e-flex e-con-boxed e-con e-parent\" data-id=\"3fd35be6\" data-element_type=\"container\">\n\t\t\t\t\t<div class=\"e-con-inner\">\n\t\t\t\t<div class=\"elementor-element elementor-element-60edece3 elementor-widget elementor-widget-text-editor\" data-id=\"60edece3\" data-element_type=\"widget\" data-widget_type=\"text-editor.default\">\n\t\t\t\t\t\t\t\t\t\n<h4 class=\"wp-block-heading\" data-start=\"174\" data-end=\"195\"><strong data-start=\"177\" data-end=\"195\">1. Aviso Legal<\/strong><\/h4>\n<p data-start=\"197\" data-end=\"214\"><strong data-start=\"197\" data-end=\"212\">AVISO LEGAL<\/strong><\/p>\n<p data-start=\"216\" data-end=\"427\">En cumplimiento con el deber de informaci\u00f3n recogido en el art\u00edculo 10 de la Ley 34\/2002, de 11 de julio, de Servicios de la Sociedad de la Informaci\u00f3n y del Comercio Electr\u00f3nico, se hace constar lo siguiente:<\/p>\n<ul data-start=\"429\" data-end=\"655\">\n<li data-start=\"429\" data-end=\"490\">\n<p data-start=\"431\" data-end=\"490\"><strong data-start=\"431\" data-end=\"443\">Titular:<\/strong> CEIP Federico Garc\u00eda Lorca<\/p>\n<\/li>\n<li data-start=\"531\" data-end=\"570\">\n<p data-start=\"533\" data-end=\"570\"><strong data-start=\"533\" data-end=\"547\">Domicilio: <\/strong>C\/ Maestro Jos\u00e9 Casado, s\/n, 41500 Alcal\u00e1 de Guada\u00edra, Sevilla<\/p>\n<\/li>\n<li data-start=\"571\" data-end=\"614\">\n<p data-start=\"573\" data-end=\"614\"><strong data-start=\"573\" data-end=\"596\">Correo electr\u00f3nico:<\/strong> 41009470.edu@juntadeandalucia.es<\/p>\n<\/li>\n<li data-start=\"615\" data-end=\"655\">\n<p data-start=\"617\" data-end=\"655\"><strong data-start=\"617\" data-end=\"630\">Tel\u00e9fono:<\/strong> 671 59 66 06<\/p>\n<\/li>\n<\/ul>\n<p data-start=\"657\" data-end=\"822\">El acceso y uso de este sitio web atribuye la condici\u00f3n de usuario e implica la aceptaci\u00f3n plena y sin reservas de las disposiciones incluidas en este Aviso Legal.<\/p>\n<p data-start=\"824\" data-end=\"1016\">El usuario se compromete a hacer un uso adecuado de los contenidos y servicios que el CEIP Federico Garc\u00eda Lorca ofrece a trav\u00e9s de su p\u00e1gina web, conforme a la Ley, la moral y el orden p\u00fablico.<\/p>\n<p data-start=\"1018\" data-end=\"1210\">El CEIP Federico Garc\u00eda Lorca de Alcal\u00e1 de Guada\u00edra<span style=\"font-size: 16px;\">\u00a0se reserva el derecho a actualizar, modificar o eliminar la informaci\u00f3n contenida en su web, pudiendo limitar o no permitir el acceso a dicha informaci\u00f3n.<\/span><\/p>\n<h4 data-start=\"945\" data-end=\"992\"><strong data-start=\"950\" data-end=\"992\">2. Pol\u00edtica de privacidad simplificada<\/strong><\/h4>\n<p data-start=\"993\" data-end=\"1021\"><strong data-start=\"993\" data-end=\"1019\">POL\u00cdTICA DE PRIVACIDAD<\/strong><\/p>\n<p data-start=\"1023\" data-end=\"1206\">Este sitio web no recoge datos personales de los usuarios de forma activa, salvo aquellos que voluntariamente se faciliten a trav\u00e9s de medios de contacto como el correo electr\u00f3nico.<\/p>\n<p data-start=\"1208\" data-end=\"1386\">En caso de que se reciban datos por dichos medios, estos se utilizar\u00e1n \u00fanicamente para responder a la solicitud planteada y no ser\u00e1n cedidos a terceros, salvo obligaci\u00f3n legal.<\/p>\n<h4 data-start=\"1393\" data-end=\"1437\"><strong data-start=\"1398\" data-end=\"1437\">3. Pol\u00edtica de cookies simplificada<\/strong><\/h4>\n<p data-start=\"1438\" data-end=\"1463\"><strong data-start=\"1438\" data-end=\"1461\">POL\u00cdTICA DE COOKIES<\/strong><\/p>\n<p data-start=\"1465\" data-end=\"1606\">Este sitio web utiliza cookies t\u00e9cnicas necesarias para su correcto funcionamiento. No se utilizan cookies publicitarias ni de seguimiento.<\/p>\n<p data-start=\"1608\" data-end=\"1792\">En caso de que en el futuro se incorporen cookies anal\u00edticas o de terceros, se actualizar\u00e1 la presente pol\u00edtica y se solicitar\u00e1 el consentimiento del usuario antes de su instalaci\u00f3n.<\/p>\t\t\t\t\t\t\t\t<\/div>\n\t\t\t\t\t<\/div>\n\t\t\t\t<\/div>\n\t\t\t\t<\/div>\n\t\t","protected":false},"excerpt":{"rendered":"<p>1. Aviso Legal AVISO LEGAL En cumplimiento con el deber de informaci\u00f3n recogido en el art\u00edculo 10 de la Ley [&hellip;]<\/p>\n","protected":false},"author":1,"featured_media":0,"parent":0,"menu_order":0,"comment_status":"closed","ping_status":"open","template":"","meta":{"site-sidebar-layout":"default","site-content-layout":"","ast-site-content-layout":"default","site-content-style":"default","site-sidebar-style":"default","ast-global-header-display":"","ast-banner-title-visibility":"","ast-main-header-display":"","ast-hfb-above-header-display":"","ast-hfb-below-header-display":"","ast-hfb-mobile-header-display":"","site-post-title":"disabled","ast-breadcrumbs-content":"","ast-featured-img":"","footer-sml-layout":"","ast-disable-related-posts":"","theme-transparent-header-meta":"","adv-header-id-meta":"","stick-header-meta":"","header-above-stick-meta":"","header-main-stick-meta":"","header-below-stick-meta":"","astra-migrate-meta-layouts":"default","ast-page-background-enabled":"default","ast-page-background-meta":{"desktop":{"background-color":"var(--ast-global-color-5)","background-image":"","background-repeat":"repeat","background-position":"center center","background-size":"auto","background-attachment":"scroll","background-type":"","background-media":"","overlay-type":"","overlay-color":"","overlay-opacity":"","overlay-gradient":""},"tablet":{"background-color":"","background-image":"","background-repeat":"repeat","background-position":"center center","background-size":"auto","background-attachment":"scroll","background-type":"","background-media":"","overlay-type":"","overlay-color":"","overlay-opacity":"","overlay-gradient":""},"mobile":{"background-color":"","background-image":"","background-repeat":"repeat","background-position":"center center","background-size":"auto","background-attachment":"scroll","background-type":"","background-media":"","overlay-type":"","overlay-color":"","overlay-opacity":"","overlay-gradient":""}},"ast-content-background-meta":{"desktop":{"background-color":"var(--ast-global-color-4)","background-image":"","background-repeat":"repeat","background-position":"center center","background-size":"auto","background-attachment":"scroll","background-type":"","background-media":"","overlay-type":"","overlay-color":"","overlay-opacity":"","overlay-gradient":""},"tablet":{"background-color":"var(--ast-global-color-4)","background-image":"","background-repeat":"repeat","background-position":"center center","background-size":"auto","background-attachment":"scroll","background-type":"","background-media":"","overlay-type":"","overlay-color":"","overlay-opacity":"","overlay-gradient":""},"mobile":{"background-color":"var(--ast-global-color-4)","background-image":"","background-repeat":"repeat","background-position":"center center","background-size":"auto","background-attachment":"scroll","background-type":"","background-media":"","overlay-type":"","overlay-color":"","overlay-opacity":"","overlay-gradient":""}},"footnotes":""},"class_list":["post-3","page","type-page","status-publish","hentry"],"yoast_head":"<!-- This site is optimized with the Yoast SEO plugin v26.8 - https:\/\/yoast.com\/product\/yoast-seo-wordpress\/ -->\n<title>Aviso Legal y Privacidad - CEIP Federico Garc\u00eda Lorca Alcal\u00e1 de Guada\u00edra<\/title>\n<meta name=\"robots\" content=\"index, follow, max-snippet:-1, max-image-preview:large, max-video-preview:-1\" \/>\n<link rel=\"canonical\" href=\"https:\/\/ceiplorcaalcala.es\/?page_id=3\" \/>\n<meta property=\"og:locale\" content=\"es_ES\" \/>\n<meta property=\"og:type\" content=\"article\" \/>\n<meta property=\"og:title\" content=\"Aviso Legal y Privacidad - CEIP Federico Garc\u00eda Lorca Alcal\u00e1 de Guada\u00edra\" \/>\n<meta property=\"og:description\" content=\"1. Aviso Legal AVISO LEGAL En cumplimiento con el deber de informaci\u00f3n recogido en el art\u00edculo 10 de la Ley [&hellip;]\" \/>\n<meta property=\"og:url\" content=\"https:\/\/ceiplorcaalcala.es\/?page_id=3\" \/>\n<meta property=\"og:site_name\" content=\"CEIP Federico Garc\u00eda Lorca Alcal\u00e1 de Guada\u00edra\" \/>\n<meta property=\"article:publisher\" content=\"https:\/\/www.facebook.com\/people\/CEIP-Federico-Garca-Lorca-Alcal-de-Guadara\/61554852114746\/?rdid=i92B83Ubh97aQqLF&amp;share_url=httpswww.facebook.comshare16QtpeRmpE\" \/>\n<meta property=\"article:modified_time\" content=\"2026-01-24T11:22:15+00:00\" \/>\n<meta name=\"twitter:card\" content=\"summary_large_image\" \/>\n<meta name=\"twitter:label1\" content=\"Tiempo de lectura\" \/>\n\t<meta name=\"twitter:data1\" content=\"2 minutos\" \/>\n<script type=\"application\/ld+json\" class=\"yoast-schema-graph\">{\"@context\":\"https:\/\/schema.org\",\"@graph\":[{\"@type\":\"WebPage\",\"@id\":\"https:\/\/ceiplorcaalcala.es\/?page_id=3\",\"url\":\"https:\/\/ceiplorcaalcala.es\/?page_id=3\",\"name\":\"Aviso Legal y Privacidad - CEIP Federico Garc\u00eda Lorca Alcal\u00e1 de Guada\u00edra\",\"isPartOf\":{\"@id\":\"https:\/\/ceiplorcaalcala.es\/#website\"},\"datePublished\":\"2025-10-31T07:00:33+00:00\",\"dateModified\":\"2026-01-24T11:22:15+00:00\",\"breadcrumb\":{\"@id\":\"https:\/\/ceiplorcaalcala.es\/?page_id=3#breadcrumb\"},\"inLanguage\":\"es\",\"potentialAction\":[{\"@type\":\"ReadAction\",\"target\":[\"https:\/\/ceiplorcaalcala.es\/?page_id=3\"]}]},{\"@type\":\"BreadcrumbList\",\"@id\":\"https:\/\/ceiplorcaalcala.es\/?page_id=3#breadcrumb\",\"itemListElement\":[{\"@type\":\"ListItem\",\"position\":1,\"name\":\"Portada\",\"item\":\"https:\/\/ceiplorcaalcala.es\/\"},{\"@type\":\"ListItem\",\"position\":2,\"name\":\"Aviso Legal y Privacidad\"}]},{\"@type\":\"WebSite\",\"@id\":\"https:\/\/ceiplorcaalcala.es\/#website\",\"url\":\"https:\/\/ceiplorcaalcala.es\/\",\"name\":\"CEIP Federico Garc\u00eda Lorca Alcal\u00e1 de Guada\u00edra\",\"description\":\"Centro educativo de Primaria a Infantil\",\"publisher\":{\"@id\":\"https:\/\/ceiplorcaalcala.es\/#organization\"},\"potentialAction\":[{\"@type\":\"SearchAction\",\"target\":{\"@type\":\"EntryPoint\",\"urlTemplate\":\"https:\/\/ceiplorcaalcala.es\/?s={search_term_string}\"},\"query-input\":{\"@type\":\"PropertyValueSpecification\",\"valueRequired\":true,\"valueName\":\"search_term_string\"}}],\"inLanguage\":\"es\"},{\"@type\":\"Organization\",\"@id\":\"https:\/\/ceiplorcaalcala.es\/#organization\",\"name\":\"CEIP Federico Garc\u00eda Lorca Alcal\u00e1 de Guada\u00edra\",\"url\":\"https:\/\/ceiplorcaalcala.es\/\",\"logo\":{\"@type\":\"ImageObject\",\"inLanguage\":\"es\",\"@id\":\"https:\/\/ceiplorcaalcala.es\/#\/schema\/logo\/image\/\",\"url\":\"https:\/\/ceiplorcaalcala.es\/wp-content\/uploads\/2025\/11\/412127421_122094950774161737_3739929043574763178_n.jpg\",\"contentUrl\":\"https:\/\/ceiplorcaalcala.es\/wp-content\/uploads\/2025\/11\/412127421_122094950774161737_3739929043574763178_n.jpg\",\"width\":960,\"height\":960,\"caption\":\"CEIP Federico Garc\u00eda Lorca Alcal\u00e1 de Guada\u00edra\"},\"image\":{\"@id\":\"https:\/\/ceiplorcaalcala.es\/#\/schema\/logo\/image\/\"},\"sameAs\":[\"https:\/\/www.facebook.com\/people\/CEIP-Federico-Garca-Lorca-Alcal-de-Guadara\/61554852114746\/?rdid=i92B83Ubh97aQqLF&share_url=httpswww.facebook.comshare16QtpeRmpE\"]}]}<\/script>\n<!-- \/ Yoast SEO plugin. -->","yoast_head_json":{"title":"Aviso Legal y Privacidad - CEIP Federico Garc\u00eda Lorca Alcal\u00e1 de Guada\u00edra","robots":{"index":"index","follow":"follow","max-snippet":"max-snippet:-1","max-image-preview":"max-image-preview:large","max-video-preview":"max-video-preview:-1"},"canonical":"https:\/\/ceiplorcaalcala.es\/?page_id=3","og_locale":"es_ES","og_type":"article","og_title":"Aviso Legal y Privacidad - CEIP Federico Garc\u00eda Lorca Alcal\u00e1 de Guada\u00edra","og_description":"1. Aviso Legal AVISO LEGAL En cumplimiento con el deber de informaci\u00f3n recogido en el art\u00edculo 10 de la Ley [&hellip;]","og_url":"https:\/\/ceiplorcaalcala.es\/?page_id=3","og_site_name":"CEIP Federico Garc\u00eda Lorca Alcal\u00e1 de Guada\u00edra","article_publisher":"https:\/\/www.facebook.com\/people\/CEIP-Federico-Garca-Lorca-Alcal-de-Guadara\/61554852114746\/?rdid=i92B83Ubh97aQqLF&share_url=httpswww.facebook.comshare16QtpeRmpE","article_modified_time":"2026-01-24T11:22:15+00:00","twitter_card":"summary_large_image","twitter_misc":{"Tiempo de lectura":"2 minutos"},"schema":{"@context":"https:\/\/schema.org","@graph":[{"@type":"WebPage","@id":"https:\/\/ceiplorcaalcala.es\/?page_id=3","url":"https:\/\/ceiplorcaalcala.es\/?page_id=3","name":"Aviso Legal y Privacidad - CEIP Federico Garc\u00eda Lorca Alcal\u00e1 de Guada\u00edra","isPartOf":{"@id":"https:\/\/ceiplorcaalcala.es\/#website"},"datePublished":"2025-10-31T07:00:33+00:00","dateModified":"2026-01-24T11:22:15+00:00","breadcrumb":{"@id":"https:\/\/ceiplorcaalcala.es\/?page_id=3#breadcrumb"},"inLanguage":"es","potentialAction":[{"@type":"ReadAction","target":["https:\/\/ceiplorcaalcala.es\/?page_id=3"]}]},{"@type":"BreadcrumbList","@id":"https:\/\/ceiplorcaalcala.es\/?page_id=3#breadcrumb","itemListElement":[{"@type":"ListItem","position":1,"name":"Portada","item":"https:\/\/ceiplorcaalcala.es\/"},{"@type":"ListItem","position":2,"name":"Aviso Legal y Privacidad"}]},{"@type":"WebSite","@id":"https:\/\/ceiplorcaalcala.es\/#website","url":"https:\/\/ceiplorcaalcala.es\/","name":"CEIP Federico Garc\u00eda Lorca Alcal\u00e1 de Guada\u00edra","description":"Centro educativo de Primaria a Infantil","publisher":{"@id":"https:\/\/ceiplorcaalcala.es\/#organization"},"potentialAction":[{"@type":"SearchAction","target":{"@type":"EntryPoint","urlTemplate":"https:\/\/ceiplorcaalcala.es\/?s={search_term_string}"},"query-input":{"@type":"PropertyValueSpecification","valueRequired":true,"valueName":"search_term_string"}}],"inLanguage":"es"},{"@type":"Organization","@id":"https:\/\/ceiplorcaalcala.es\/#organization","name":"CEIP Federico Garc\u00eda Lorca Alcal\u00e1 de Guada\u00edra","url":"https:\/\/ceiplorcaalcala.es\/","logo":{"@type":"ImageObject","inLanguage":"es","@id":"https:\/\/ceiplorcaalcala.es\/#\/schema\/logo\/image\/","url":"https:\/\/ceiplorcaalcala.es\/wp-content\/uploads\/2025\/11\/412127421_122094950774161737_3739929043574763178_n.jpg","contentUrl":"https:\/\/ceiplorcaalcala.es\/wp-content\/uploads\/2025\/11\/412127421_122094950774161737_3739929043574763178_n.jpg","width":960,"height":960,"caption":"CEIP Federico Garc\u00eda Lorca Alcal\u00e1 de Guada\u00edra"},"image":{"@id":"https:\/\/ceiplorcaalcala.es\/#\/schema\/logo\/image\/"},"sameAs":["https:\/\/www.facebook.com\/people\/CEIP-Federico-Garca-Lorca-Alcal-de-Guadara\/61554852114746\/?rdid=i92B83Ubh97aQqLF&share_url=httpswww.facebook.comshare16QtpeRmpE"]}]}},"_links":{"self":[{"href":"https:\/\/ceiplorcaalcala.es\/index.php?rest_route=\/wp\/v2\/pages\/3","targetHints":{"allow":["GET"]}}],"collection":[{"href":"https:\/\/ceiplorcaalcala.es\/index.php?rest_route=\/wp\/v2\/pages"}],"about":[{"href":"https:\/\/ceiplorcaalcala.es\/index.php?rest_route=\/wp\/v2\/types\/page"}],"author":[{"embeddable":true,"href":"https:\/\/ceiplorcaalcala.es\/index.php?rest_route=\/wp\/v2\/users\/1"}],"replies":[{"embeddable":true,"href":"https:\/\/ceiplorcaalcala.es\/index.php?rest_route=%2Fwp%2Fv2%2Fcomments&post=3"}],"version-history":[{"count":6,"href":"https:\/\/ceiplorcaalcala.es\/index.php?rest_route=\/wp\/v2\/pages\/3\/revisions"}],"predecessor-version":[{"id":431,"href":"https:\/\/ceiplorcaalcala.es\/index.php?rest_route=\/wp\/v2\/pages\/3\/revisions\/431"}],"wp:attachment":[{"href":"https:\/\/ceiplorcaalcala.es\/index.php?rest_route=%2Fwp%2Fv2%2Fmedia&parent=3"}],"curies":[{"name":"wp","href":"https:\/\/api.w.org\/{rel}","templated":true}]}}