{"id":46,"date":"2025-11-03T19:53:21","date_gmt":"2025-11-03T19:53:21","guid":{"rendered":"http:\/\/ceiplorcaalcala.es\/?page_id=46"},"modified":"2026-03-18T09:28:54","modified_gmt":"2026-03-18T09:28:54","slug":"comedor-escolar","status":"publish","type":"page","link":"https:\/\/ceiplorcaalcala.es\/?page_id=46","title":{"rendered":"Comedor Escolar"},"content":{"rendered":"\t\t<div data-elementor-type=\"wp-page\" data-elementor-id=\"46\" class=\"elementor elementor-46\" data-elementor-post-type=\"page\">\n\t\t\t\t<div class=\"elementor-element elementor-element-9e86920 e-flex e-con-boxed e-con e-parent\" data-id=\"9e86920\" data-element_type=\"container\" data-settings=\"{&quot;background_background&quot;:&quot;classic&quot;}\">\n\t\t\t\t\t<div class=\"e-con-inner\">\n\t\t\t\t<div class=\"elementor-element elementor-element-5739f0f7 elementor-widget elementor-widget-heading\" data-id=\"5739f0f7\" data-element_type=\"widget\" data-widget_type=\"heading.default\">\n\t\t\t\t\t<h2 class=\"elementor-heading-title elementor-size-default\">Comedor Escolar<\/h2>\t\t\t\t<\/div>\n\t\t\t\t\t<\/div>\n\t\t\t\t<\/div>\n\t\t<div class=\"elementor-element elementor-element-7ec8e49 e-flex e-con-boxed e-con e-parent\" data-id=\"7ec8e49\" data-element_type=\"container\">\n\t\t\t\t\t<div class=\"e-con-inner\">\n\t\t\t\t<div class=\"elementor-element elementor-element-e488d56 elementor-invisible elementor-widget elementor-widget-text-editor\" data-id=\"e488d56\" data-element_type=\"widget\" data-settings=\"{&quot;_animation&quot;:&quot;fadeIn&quot;,&quot;_animation_delay&quot;:100}\" data-widget_type=\"text-editor.default\">\n\t\t\t\t\t\t\t\t\t<p>El Comedor Escolar proporciona a los padres y a las madres un apoyo que les permite compatibilizar sus obligaciones familiares y profesionales.<\/p><p>En la organizaci\u00f3n del servicio de comedor escolar, el Colegio considera la atenci\u00f3n al alumnado usuario, tanto en el tiempo destinado a la comida, como en los per\u00edodos inmediatamente anteriores y posteriores a la misma, todo ello en el marco de la concepci\u00f3n educativa integral que tiene este servicio en el centro. La gesti\u00f3n diaria del servicio se realiza teniendo en cuenta el aforo y el n\u00famero de comensales que hacen uso de dicho servicio.<\/p><p>Los men\u00fas que se sirven en el comedor escolar siguen las recomendaciones de los organismos responsables en materia de sanidad en cuanto a alimentaci\u00f3n saludable.<\/p>\t\t\t\t\t\t\t\t<\/div>\n\t\t\t\t<div class=\"elementor-element elementor-element-d997f46 elementor-align-center elementor-invisible elementor-widget elementor-widget-button\" data-id=\"d997f46\" data-element_type=\"widget\" data-settings=\"{&quot;_animation&quot;:&quot;fadeIn&quot;,&quot;_animation_delay&quot;:100}\" data-widget_type=\"button.default\">\n\t\t\t\t\t\t\t\t\t\t<a class=\"elementor-button elementor-button-link elementor-size-sm\" href=\"https:\/\/ceiplorcaalcala.es\/wp-content\/uploads\/2026\/03\/im.jpg\">\n\t\t\t\t\t\t<span class=\"elementor-button-content-wrapper\">\n\t\t\t\t\t\t\t\t\t<span class=\"elementor-button-text\">Menu Marzo 2026<\/span>\n\t\t\t\t\t<\/span>\n\t\t\t\t\t<\/a>\n\t\t\t\t\t\t\t\t<\/div>\n\t\t\t\t\t<\/div>\n\t\t\t\t<\/div>\n\t\t<div class=\"elementor-element elementor-element-9d77fd0 e-grid e-con-boxed e-con e-parent\" data-id=\"9d77fd0\" data-element_type=\"container\">\n\t\t\t\t\t<div class=\"e-con-inner\">\n\t\t\t\t<div class=\"elementor-element elementor-element-461bcd7 elementor-invisible elementor-widget elementor-widget-text-editor\" data-id=\"461bcd7\" data-element_type=\"widget\" data-settings=\"{&quot;_animation&quot;:&quot;fadeIn&quot;,&quot;_animation_delay&quot;:200}\" data-widget_type=\"text-editor.default\">\n\t\t\t\t\t\t\t\t\t<h4 style=\"text-align: center;\"><strong>Horario del servicio<\/strong><\/h4>\n<p><br><\/p><p>de 14:00 a 16:00<\/p>\n<p>El servicio de comidas se realiza en dos turnos:<\/p>\n<p>1er turno: de 14:00 a 14:30<\/p>\n<p>2\u00ba turno: de 14:30 a 15:00<\/p>\t\t\t\t\t\t\t\t<\/div>\n\t\t\t\t<div class=\"elementor-element elementor-element-de9496f elementor-invisible elementor-widget elementor-widget-text-editor\" data-id=\"de9496f\" data-element_type=\"widget\" data-settings=\"{&quot;_animation&quot;:&quot;fadeIn&quot;,&quot;_animation_delay&quot;:300}\" data-widget_type=\"text-editor.default\">\n\t\t\t\t\t\t\t\t\t<h4 style=\"text-align: center;\"><strong>A tener en cuenta<\/strong><\/h4><p>La recogida del alumnado podr\u00e1 realizarse tras la finalizaci\u00f3n del turno respectivo de comida o bien a las 16:00<\/p><p>La familia deber\u00e1 acordar previamente la hora de recogida del alumno\/a comunic\u00e1ndolo a las educadoras encargadas del servicio.<\/p><p>En todo momento el alumnado cuenta con la presencia f\u00edsica de monitoras, tanto en el comedor como en el patio mientras esperan a ser recogidos.<\/p><p>La empresa de la gesti\u00f3n alimentaria ofrece men\u00fas compatibles con intolerancias y alergias.<\/p>\t\t\t\t\t\t\t\t<\/div>\n\t\t\t\t\t<\/div>\n\t\t\t\t<\/div>\n\t\t<div class=\"elementor-element elementor-element-6c95361 e-flex e-con-boxed e-con e-parent\" data-id=\"6c95361\" data-element_type=\"container\">\n\t\t\t\t\t<div class=\"e-con-inner\">\n\t\t\t\t<div class=\"elementor-element elementor-element-f9755f0 elementor-invisible elementor-widget elementor-widget-text-editor\" data-id=\"f9755f0\" data-element_type=\"widget\" data-settings=\"{&quot;_animation&quot;:&quot;fadeIn&quot;,&quot;_animation_delay&quot;:400}\" data-widget_type=\"text-editor.default\">\n\t\t\t\t\t\t\t\t\t<h2 style=\"text-align: center;\"><span style=\"text-decoration: underline;\"><strong>Datos Empresa Responsable<\/strong><\/span><\/h2>\t\t\t\t\t\t\t\t<\/div>\n\t\t\t\t\t<\/div>\n\t\t\t\t<\/div>\n\t\t<div class=\"elementor-element elementor-element-007381c e-grid e-con-boxed elementor-invisible e-con e-parent\" data-id=\"007381c\" data-element_type=\"container\" data-settings=\"{&quot;animation&quot;:&quot;fadeIn&quot;,&quot;animation_delay&quot;:400}\">\n\t\t\t\t\t<div class=\"e-con-inner\">\n\t\t<div class=\"elementor-element elementor-element-27b2497 e-con-full e-flex e-con e-child\" data-id=\"27b2497\" data-element_type=\"container\">\n\t\t<div class=\"elementor-element elementor-element-2fd32fc e-con-full e-flex e-con e-child\" data-id=\"2fd32fc\" data-element_type=\"container\">\n\t\t\t\t<div class=\"elementor-element elementor-element-0eddc3e elementor-widget__width-initial elementor-widget elementor-widget-heading\" data-id=\"0eddc3e\" data-element_type=\"widget\" data-widget_type=\"heading.default\">\n\t\t\t\t\t<h4 class=\"elementor-heading-title elementor-size-default\"><!--StartFragment--><span data-olk-copy-source=\"MessageBody\">MEDITERRANEA DE CATERING<\/span><!--EndFragment--><\/h4>\t\t\t\t<\/div>\n\t\t\t\t<div class=\"elementor-element elementor-element-22906d9 elementor-align-center elementor-list-item-link-full_width elementor-widget elementor-widget-icon-list\" data-id=\"22906d9\" data-element_type=\"widget\" data-widget_type=\"icon-list.default\">\n\t\t\t\t\t\t\t<ul class=\"elementor-icon-list-items\">\n\t\t\t\t\t\t\t<li class=\"elementor-icon-list-item\">\n\t\t\t\t\t\t\t\t\t\t\t<a href=\"http:\/\/955%20644%20648\">\n\n\t\t\t\t\t\t\t\t\t\t\t\t<span class=\"elementor-icon-list-icon\">\n\t\t\t\t\t\t\t<svg aria-hidden=\"true\" class=\"e-font-icon-svg e-fas-phone-alt\" viewBox=\"0 0 512 512\" xmlns=\"http:\/\/www.w3.org\/2000\/svg\"><path d=\"M497.39 361.8l-112-48a24 24 0 0 0-28 6.9l-49.6 60.6A370.66 370.66 0 0 1 130.6 204.11l60.6-49.6a23.94 23.94 0 0 0 6.9-28l-48-112A24.16 24.16 0 0 0 122.6.61l-104 24A24 24 0 0 0 0 48c0 256.5 207.9 464 464 464a24 24 0 0 0 23.4-18.6l24-104a24.29 24.29 0 0 0-14.01-27.6z\"><\/path><\/svg>\t\t\t\t\t\t<\/span>\n\t\t\t\t\t\t\t\t\t\t<span class=\"elementor-icon-list-text\">91 640 47 45<\/span>\n\t\t\t\t\t\t\t\t\t\t\t<\/a>\n\t\t\t\t\t\t\t\t\t<\/li>\n\t\t\t\t\t\t\t\t<li class=\"elementor-icon-list-item\">\n\t\t\t\t\t\t\t\t\t\t\t<a href=\"mailto:comedorescolaroccidental@cateringhgonzalez.com\">\n\n\t\t\t\t\t\t\t\t\t\t\t\t<span class=\"elementor-icon-list-icon\">\n\t\t\t\t\t\t\t<svg aria-hidden=\"true\" class=\"e-font-icon-svg e-far-envelope\" viewBox=\"0 0 512 512\" xmlns=\"http:\/\/www.w3.org\/2000\/svg\"><path d=\"M464 64H48C21.49 64 0 85.49 0 112v288c0 26.51 21.49 48 48 48h416c26.51 0 48-21.49 48-48V112c0-26.51-21.49-48-48-48zm0 48v40.805c-22.422 18.259-58.168 46.651-134.587 106.49-16.841 13.247-50.201 45.072-73.413 44.701-23.208.375-56.579-31.459-73.413-44.701C106.18 199.465 70.425 171.067 48 152.805V112h416zM48 400V214.398c22.914 18.251 55.409 43.862 104.938 82.646 21.857 17.205 60.134 55.186 103.062 54.955 42.717.231 80.509-37.199 103.053-54.947 49.528-38.783 82.032-64.401 104.947-82.653V400H48z\"><\/path><\/svg>\t\t\t\t\t\t<\/span>\n\t\t\t\t\t\t\t\t\t\t<span class=\"elementor-icon-list-text\">dpo@mediterranea-group.com<\/span>\n\t\t\t\t\t\t\t\t\t\t\t<\/a>\n\t\t\t\t\t\t\t\t\t<\/li>\n\t\t\t\t\t\t\t\t<li class=\"elementor-icon-list-item\">\n\t\t\t\t\t\t\t\t\t\t\t<a href=\"https:\/\/colectividadeshgonzalez.com\/\">\n\n\t\t\t\t\t\t\t\t\t\t\t\t<span class=\"elementor-icon-list-icon\">\n\t\t\t\t\t\t\t<svg aria-hidden=\"true\" class=\"e-font-icon-svg e-fas-address-card\" viewBox=\"0 0 576 512\" xmlns=\"http:\/\/www.w3.org\/2000\/svg\"><path d=\"M528 32H48C21.5 32 0 53.5 0 80v352c0 26.5 21.5 48 48 48h480c26.5 0 48-21.5 48-48V80c0-26.5-21.5-48-48-48zm-352 96c35.3 0 64 28.7 64 64s-28.7 64-64 64-64-28.7-64-64 28.7-64 64-64zm112 236.8c0 10.6-10 19.2-22.4 19.2H86.4C74 384 64 375.4 64 364.8v-19.2c0-31.8 30.1-57.6 67.2-57.6h5c12.3 5.1 25.7 8 39.8 8s27.6-2.9 39.8-8h5c37.1 0 67.2 25.8 67.2 57.6v19.2zM512 312c0 4.4-3.6 8-8 8H360c-4.4 0-8-3.6-8-8v-16c0-4.4 3.6-8 8-8h144c4.4 0 8 3.6 8 8v16zm0-64c0 4.4-3.6 8-8 8H360c-4.4 0-8-3.6-8-8v-16c0-4.4 3.6-8 8-8h144c4.4 0 8 3.6 8 8v16zm0-64c0 4.4-3.6 8-8 8H360c-4.4 0-8-3.6-8-8v-16c0-4.4 3.6-8 8-8h144c4.4 0 8 3.6 8 8v16z\"><\/path><\/svg>\t\t\t\t\t\t<\/span>\n\t\t\t\t\t\t\t\t\t\t<span class=\"elementor-icon-list-text\">C\/ Arroyo del Soto, 17. Edificio Mediterr\u00e1nea, 28914. Legan\u00e9s \u2013 Madrid<\/span>\n\t\t\t\t\t\t\t\t\t\t\t<\/a>\n\t\t\t\t\t\t\t\t\t<\/li>\n\t\t\t\t\t\t\t\t<li class=\"elementor-icon-list-item\">\n\t\t\t\t\t\t\t\t\t\t\t<span class=\"elementor-icon-list-icon\">\n\t\t\t\t\t\t\t<svg aria-hidden=\"true\" class=\"e-font-icon-svg e-fas-euro-sign\" viewBox=\"0 0 320 512\" xmlns=\"http:\/\/www.w3.org\/2000\/svg\"><path d=\"M310.706 413.765c-1.314-6.63-7.835-10.872-14.424-9.369-10.692 2.439-27.422 5.413-45.426 5.413-56.763 0-101.929-34.79-121.461-85.449h113.689a12 12 0 0 0 11.708-9.369l6.373-28.36c1.686-7.502-4.019-14.631-11.708-14.631H115.22c-1.21-14.328-1.414-28.287.137-42.245H261.95a12 12 0 0 0 11.723-9.434l6.512-29.755c1.638-7.484-4.061-14.566-11.723-14.566H130.184c20.633-44.991 62.69-75.03 117.619-75.03 14.486 0 28.564 2.25 37.851 4.145 6.216 1.268 12.347-2.498 14.002-8.623l11.991-44.368c1.822-6.741-2.465-13.616-9.326-14.917C290.217 34.912 270.71 32 249.635 32 152.451 32 74.03 92.252 45.075 176H12c-6.627 0-12 5.373-12 12v29.755c0 6.627 5.373 12 12 12h21.569c-1.009 13.607-1.181 29.287-.181 42.245H12c-6.627 0-12 5.373-12 12v28.36c0 6.627 5.373 12 12 12h30.114C67.139 414.692 145.264 480 249.635 480c26.301 0 48.562-4.544 61.101-7.788 6.167-1.595 10.027-7.708 8.788-13.957l-8.818-44.49z\"><\/path><\/svg>\t\t\t\t\t\t<\/span>\n\t\t\t\t\t\t\t\t\t\t<span class=\"elementor-icon-list-text\">5\u201954 \u20ac\/d\u00eda aprox.  <\/span>\n\t\t\t\t\t\t\t\t\t<\/li>\n\t\t\t\t\t\t\t\t<li class=\"elementor-icon-list-item\">\n\t\t\t\t\t\t\t\t\t\t<span class=\"elementor-icon-list-text\">Tal y como se aprob\u00f3 en BOJA n\u00ba 151 (06\/08\/2021) por la Junta de Andaluc\u00eda<\/span>\n\t\t\t\t\t\t\t\t\t<\/li>\n\t\t\t\t\t\t<\/ul>\n\t\t\t\t\t\t<\/div>\n\t\t\t\t<\/div>\n\t\t\t\t<\/div>\n\t\t<div class=\"elementor-element elementor-element-0e61d00 e-con-full e-flex e-con e-child\" data-id=\"0e61d00\" data-element_type=\"container\">\n\t\t\t\t<div class=\"elementor-element elementor-element-38ba1b4 elementor-widget elementor-widget-text-editor\" data-id=\"38ba1b4\" data-element_type=\"widget\" data-widget_type=\"text-editor.default\">\n\t\t\t\t\t\t\t\t\t<h4 style=\"text-align: center;\"><strong>Men\u00fa<\/strong><\/h4>\n<p><b>Comunicaci\u00f3n de ausencias: <\/b>Deben ser comunicadas por v\u00eda telem\u00e1tica con preaviso de 3 d\u00edas en el siguiente enlace administracion.sevilla@mediterranea-group.com&nbsp; o a trav\u00e9s de la aplicaci\u00f3n. En caso de enfermedad, habr\u00e1 que adjuntar justificante de asistencia m\u00e9dica. M\u00e1s indicaciones en la web. https:\/\/www.mediterranea-group.com\/&nbsp;<\/p>\t\t\t\t\t\t\t\t<\/div>\n\t\t\t\t<\/div>\n\t\t\t\t\t<\/div>\n\t\t\t\t<\/div>\n\t\t<div class=\"elementor-element elementor-element-e59162a e-flex e-con-boxed e-con e-parent\" data-id=\"e59162a\" data-element_type=\"container\">\n\t\t\t\t\t<div class=\"e-con-inner\">\n\t\t\t\t<div class=\"elementor-element elementor-element-18287cb elementor-widget elementor-widget-spacer\" data-id=\"18287cb\" data-element_type=\"widget\" data-widget_type=\"spacer.default\">\n\t\t\t\t\t\t\t<div class=\"elementor-spacer\">\n\t\t\t<div class=\"elementor-spacer-inner\"><\/div>\n\t\t<\/div>\n\t\t\t\t\t\t<\/div>\n\t\t\t\t\t<\/div>\n\t\t\t\t<\/div>\n\t\t\t\t<\/div>\n\t\t","protected":false},"excerpt":{"rendered":"<p>Comedor Escolar El Comedor Escolar proporciona a los padres y a las madres un apoyo que les permite compatibilizar sus [&hellip;]<\/p>\n","protected":false},"author":1,"featured_media":0,"parent":0,"menu_order":0,"comment_status":"closed","ping_status":"closed","template":"","meta":{"site-sidebar-layout":"no-sidebar","site-content-layout":"","ast-site-content-layout":"full-width-container","site-content-style":"default","site-sidebar-style":"default","ast-global-header-display":"","ast-banner-title-visibility":"","ast-main-header-display":"","ast-hfb-above-header-display":"","ast-hfb-below-header-display":"","ast-hfb-mobile-header-display":"","site-post-title":"disabled","ast-breadcrumbs-content":"","ast-featured-img":"disabled","footer-sml-layout":"","ast-disable-related-posts":"","theme-transparent-header-meta":"","adv-header-id-meta":"","stick-header-meta":"","header-above-stick-meta":"","header-main-stick-meta":"","header-below-stick-meta":"","astra-migrate-meta-layouts":"default","ast-page-background-enabled":"default","ast-page-background-meta":{"desktop":{"background-color":"var(--ast-global-color-5)","background-image":"","background-repeat":"repeat","background-position":"center center","background-size":"auto","background-attachment":"scroll","background-type":"","background-media":"","overlay-type":"","overlay-color":"","overlay-opacity":"","overlay-gradient":""},"tablet":{"background-color":"","background-image":"","background-repeat":"repeat","background-position":"center center","background-size":"auto","background-attachment":"scroll","background-type":"","background-media":"","overlay-type":"","overlay-color":"","overlay-opacity":"","overlay-gradient":""},"mobile":{"background-color":"","background-image":"","background-repeat":"repeat","background-position":"center center","background-size":"auto","background-attachment":"scroll","background-type":"","background-media":"","overlay-type":"","overlay-color":"","overlay-opacity":"","overlay-gradient":""}},"ast-content-background-meta":{"desktop":{"background-color":"var(--ast-global-color-4)","background-image":"","background-repeat":"repeat","background-position":"center center","background-size":"auto","background-attachment":"scroll","background-type":"","background-media":"","overlay-type":"","overlay-color":"","overlay-opacity":"","overlay-gradient":""},"tablet":{"background-color":"var(--ast-global-color-4)","background-image":"","background-repeat":"repeat","background-position":"center center","background-size":"auto","background-attachment":"scroll","background-type":"","background-media":"","overlay-type":"","overlay-color":"","overlay-opacity":"","overlay-gradient":""},"mobile":{"background-color":"var(--ast-global-color-4)","background-image":"","background-repeat":"repeat","background-position":"center center","background-size":"auto","background-attachment":"scroll","background-type":"","background-media":"","overlay-type":"","overlay-color":"","overlay-opacity":"","overlay-gradient":""}},"footnotes":""},"class_list":["post-46","page","type-page","status-publish","hentry"],"yoast_head":"<!-- This site is optimized with the Yoast SEO plugin v26.8 - https:\/\/yoast.com\/product\/yoast-seo-wordpress\/ -->\n<title>Comedor Escolar - CEIP Federico Garc\u00eda Lorca Alcal\u00e1 de Guada\u00edra<\/title>\n<meta name=\"robots\" content=\"index, follow, max-snippet:-1, max-image-preview:large, max-video-preview:-1\" \/>\n<link rel=\"canonical\" href=\"https:\/\/ceiplorcaalcala.es\/?page_id=46\" \/>\n<meta property=\"og:locale\" content=\"es_ES\" \/>\n<meta property=\"og:type\" content=\"article\" \/>\n<meta property=\"og:title\" content=\"Comedor Escolar - CEIP Federico Garc\u00eda Lorca Alcal\u00e1 de Guada\u00edra\" \/>\n<meta property=\"og:description\" content=\"Comedor Escolar El Comedor Escolar proporciona a los padres y a las madres un apoyo que les permite compatibilizar sus [&hellip;]\" \/>\n<meta property=\"og:url\" content=\"https:\/\/ceiplorcaalcala.es\/?page_id=46\" \/>\n<meta property=\"og:site_name\" content=\"CEIP Federico Garc\u00eda Lorca Alcal\u00e1 de Guada\u00edra\" \/>\n<meta property=\"article:publisher\" content=\"https:\/\/www.facebook.com\/people\/CEIP-Federico-Garca-Lorca-Alcal-de-Guadara\/61554852114746\/?rdid=i92B83Ubh97aQqLF&amp;share_url=httpswww.facebook.comshare16QtpeRmpE\" \/>\n<meta property=\"article:modified_time\" content=\"2026-03-18T09:28:54+00:00\" \/>\n<meta name=\"twitter:card\" content=\"summary_large_image\" \/>\n<meta name=\"twitter:label1\" content=\"Tiempo de lectura\" \/>\n\t<meta name=\"twitter:data1\" content=\"2 minutos\" \/>\n<script type=\"application\/ld+json\" class=\"yoast-schema-graph\">{\"@context\":\"https:\/\/schema.org\",\"@graph\":[{\"@type\":\"WebPage\",\"@id\":\"https:\/\/ceiplorcaalcala.es\/?page_id=46\",\"url\":\"https:\/\/ceiplorcaalcala.es\/?page_id=46\",\"name\":\"Comedor Escolar - CEIP Federico Garc\u00eda Lorca Alcal\u00e1 de Guada\u00edra\",\"isPartOf\":{\"@id\":\"https:\/\/ceiplorcaalcala.es\/#website\"},\"datePublished\":\"2025-11-03T19:53:21+00:00\",\"dateModified\":\"2026-03-18T09:28:54+00:00\",\"breadcrumb\":{\"@id\":\"https:\/\/ceiplorcaalcala.es\/?page_id=46#breadcrumb\"},\"inLanguage\":\"es\",\"potentialAction\":[{\"@type\":\"ReadAction\",\"target\":[\"https:\/\/ceiplorcaalcala.es\/?page_id=46\"]}]},{\"@type\":\"BreadcrumbList\",\"@id\":\"https:\/\/ceiplorcaalcala.es\/?page_id=46#breadcrumb\",\"itemListElement\":[{\"@type\":\"ListItem\",\"position\":1,\"name\":\"Portada\",\"item\":\"https:\/\/ceiplorcaalcala.es\/\"},{\"@type\":\"ListItem\",\"position\":2,\"name\":\"Comedor Escolar\"}]},{\"@type\":\"WebSite\",\"@id\":\"https:\/\/ceiplorcaalcala.es\/#website\",\"url\":\"https:\/\/ceiplorcaalcala.es\/\",\"name\":\"CEIP Federico Garc\u00eda Lorca Alcal\u00e1 de Guada\u00edra\",\"description\":\"Centro educativo de Primaria a Infantil\",\"publisher\":{\"@id\":\"https:\/\/ceiplorcaalcala.es\/#organization\"},\"potentialAction\":[{\"@type\":\"SearchAction\",\"target\":{\"@type\":\"EntryPoint\",\"urlTemplate\":\"https:\/\/ceiplorcaalcala.es\/?s={search_term_string}\"},\"query-input\":{\"@type\":\"PropertyValueSpecification\",\"valueRequired\":true,\"valueName\":\"search_term_string\"}}],\"inLanguage\":\"es\"},{\"@type\":\"Organization\",\"@id\":\"https:\/\/ceiplorcaalcala.es\/#organization\",\"name\":\"CEIP Federico Garc\u00eda Lorca Alcal\u00e1 de Guada\u00edra\",\"url\":\"https:\/\/ceiplorcaalcala.es\/\",\"logo\":{\"@type\":\"ImageObject\",\"inLanguage\":\"es\",\"@id\":\"https:\/\/ceiplorcaalcala.es\/#\/schema\/logo\/image\/\",\"url\":\"https:\/\/ceiplorcaalcala.es\/wp-content\/uploads\/2025\/11\/412127421_122094950774161737_3739929043574763178_n.jpg\",\"contentUrl\":\"https:\/\/ceiplorcaalcala.es\/wp-content\/uploads\/2025\/11\/412127421_122094950774161737_3739929043574763178_n.jpg\",\"width\":960,\"height\":960,\"caption\":\"CEIP Federico Garc\u00eda Lorca Alcal\u00e1 de Guada\u00edra\"},\"image\":{\"@id\":\"https:\/\/ceiplorcaalcala.es\/#\/schema\/logo\/image\/\"},\"sameAs\":[\"https:\/\/www.facebook.com\/people\/CEIP-Federico-Garca-Lorca-Alcal-de-Guadara\/61554852114746\/?rdid=i92B83Ubh97aQqLF&share_url=httpswww.facebook.comshare16QtpeRmpE\"]}]}<\/script>\n<!-- \/ Yoast SEO plugin. -->","yoast_head_json":{"title":"Comedor Escolar - CEIP Federico Garc\u00eda Lorca Alcal\u00e1 de Guada\u00edra","robots":{"index":"index","follow":"follow","max-snippet":"max-snippet:-1","max-image-preview":"max-image-preview:large","max-video-preview":"max-video-preview:-1"},"canonical":"https:\/\/ceiplorcaalcala.es\/?page_id=46","og_locale":"es_ES","og_type":"article","og_title":"Comedor Escolar - CEIP Federico Garc\u00eda Lorca Alcal\u00e1 de Guada\u00edra","og_description":"Comedor Escolar El Comedor Escolar proporciona a los padres y a las madres un apoyo que les permite compatibilizar sus [&hellip;]","og_url":"https:\/\/ceiplorcaalcala.es\/?page_id=46","og_site_name":"CEIP Federico Garc\u00eda Lorca Alcal\u00e1 de Guada\u00edra","article_publisher":"https:\/\/www.facebook.com\/people\/CEIP-Federico-Garca-Lorca-Alcal-de-Guadara\/61554852114746\/?rdid=i92B83Ubh97aQqLF&share_url=httpswww.facebook.comshare16QtpeRmpE","article_modified_time":"2026-03-18T09:28:54+00:00","twitter_card":"summary_large_image","twitter_misc":{"Tiempo de lectura":"2 minutos"},"schema":{"@context":"https:\/\/schema.org","@graph":[{"@type":"WebPage","@id":"https:\/\/ceiplorcaalcala.es\/?page_id=46","url":"https:\/\/ceiplorcaalcala.es\/?page_id=46","name":"Comedor Escolar - CEIP Federico Garc\u00eda Lorca Alcal\u00e1 de Guada\u00edra","isPartOf":{"@id":"https:\/\/ceiplorcaalcala.es\/#website"},"datePublished":"2025-11-03T19:53:21+00:00","dateModified":"2026-03-18T09:28:54+00:00","breadcrumb":{"@id":"https:\/\/ceiplorcaalcala.es\/?page_id=46#breadcrumb"},"inLanguage":"es","potentialAction":[{"@type":"ReadAction","target":["https:\/\/ceiplorcaalcala.es\/?page_id=46"]}]},{"@type":"BreadcrumbList","@id":"https:\/\/ceiplorcaalcala.es\/?page_id=46#breadcrumb","itemListElement":[{"@type":"ListItem","position":1,"name":"Portada","item":"https:\/\/ceiplorcaalcala.es\/"},{"@type":"ListItem","position":2,"name":"Comedor Escolar"}]},{"@type":"WebSite","@id":"https:\/\/ceiplorcaalcala.es\/#website","url":"https:\/\/ceiplorcaalcala.es\/","name":"CEIP Federico Garc\u00eda Lorca Alcal\u00e1 de Guada\u00edra","description":"Centro educativo de Primaria a Infantil","publisher":{"@id":"https:\/\/ceiplorcaalcala.es\/#organization"},"potentialAction":[{"@type":"SearchAction","target":{"@type":"EntryPoint","urlTemplate":"https:\/\/ceiplorcaalcala.es\/?s={search_term_string}"},"query-input":{"@type":"PropertyValueSpecification","valueRequired":true,"valueName":"search_term_string"}}],"inLanguage":"es"},{"@type":"Organization","@id":"https:\/\/ceiplorcaalcala.es\/#organization","name":"CEIP Federico Garc\u00eda Lorca Alcal\u00e1 de Guada\u00edra","url":"https:\/\/ceiplorcaalcala.es\/","logo":{"@type":"ImageObject","inLanguage":"es","@id":"https:\/\/ceiplorcaalcala.es\/#\/schema\/logo\/image\/","url":"https:\/\/ceiplorcaalcala.es\/wp-content\/uploads\/2025\/11\/412127421_122094950774161737_3739929043574763178_n.jpg","contentUrl":"https:\/\/ceiplorcaalcala.es\/wp-content\/uploads\/2025\/11\/412127421_122094950774161737_3739929043574763178_n.jpg","width":960,"height":960,"caption":"CEIP Federico Garc\u00eda Lorca Alcal\u00e1 de Guada\u00edra"},"image":{"@id":"https:\/\/ceiplorcaalcala.es\/#\/schema\/logo\/image\/"},"sameAs":["https:\/\/www.facebook.com\/people\/CEIP-Federico-Garca-Lorca-Alcal-de-Guadara\/61554852114746\/?rdid=i92B83Ubh97aQqLF&share_url=httpswww.facebook.comshare16QtpeRmpE"]}]}},"_links":{"self":[{"href":"https:\/\/ceiplorcaalcala.es\/index.php?rest_route=\/wp\/v2\/pages\/46","targetHints":{"allow":["GET"]}}],"collection":[{"href":"https:\/\/ceiplorcaalcala.es\/index.php?rest_route=\/wp\/v2\/pages"}],"about":[{"href":"https:\/\/ceiplorcaalcala.es\/index.php?rest_route=\/wp\/v2\/types\/page"}],"author":[{"embeddable":true,"href":"https:\/\/ceiplorcaalcala.es\/index.php?rest_route=\/wp\/v2\/users\/1"}],"replies":[{"embeddable":true,"href":"https:\/\/ceiplorcaalcala.es\/index.php?rest_route=%2Fwp%2Fv2%2Fcomments&post=46"}],"version-history":[{"count":58,"href":"https:\/\/ceiplorcaalcala.es\/index.php?rest_route=\/wp\/v2\/pages\/46\/revisions"}],"predecessor-version":[{"id":937,"href":"https:\/\/ceiplorcaalcala.es\/index.php?rest_route=\/wp\/v2\/pages\/46\/revisions\/937"}],"wp:attachment":[{"href":"https:\/\/ceiplorcaalcala.es\/index.php?rest_route=%2Fwp%2Fv2%2Fmedia&parent=46"}],"curies":[{"name":"wp","href":"https:\/\/api.w.org\/{rel}","templated":true}]}}