{"id":54,"date":"2025-11-03T19:54:53","date_gmt":"2025-11-03T19:54:53","guid":{"rendered":"http:\/\/ceiplorcaalcala.es\/?page_id=54"},"modified":"2026-01-24T11:14:04","modified_gmt":"2026-01-24T11:14:04","slug":"ampa","status":"publish","type":"page","link":"https:\/\/ceiplorcaalcala.es\/?page_id=54","title":{"rendered":"AMPA"},"content":{"rendered":"\t\t<div data-elementor-type=\"wp-page\" data-elementor-id=\"54\" class=\"elementor elementor-54\" data-elementor-post-type=\"page\">\n\t\t\t\t<div class=\"elementor-element elementor-element-321fac0b e-flex e-con-boxed e-con e-parent\" data-id=\"321fac0b\" data-element_type=\"container\" data-settings=\"{&quot;background_background&quot;:&quot;classic&quot;}\">\n\t\t\t\t\t<div class=\"e-con-inner\">\n\t\t\t\t<div class=\"elementor-element elementor-element-149d00b5 elementor-widget elementor-widget-heading\" data-id=\"149d00b5\" data-element_type=\"widget\" data-widget_type=\"heading.default\">\n\t\t\t\t\t<h2 class=\"elementor-heading-title elementor-size-default\">AMPA<\/h2>\t\t\t\t<\/div>\n\t\t\t\t\t<\/div>\n\t\t\t\t<\/div>\n\t\t<div class=\"elementor-element elementor-element-d713ebe e-flex e-con-boxed e-con e-parent\" data-id=\"d713ebe\" data-element_type=\"container\">\n\t\t\t\t\t<div class=\"e-con-inner\">\n\t\t<div class=\"elementor-element elementor-element-63033af e-flex e-con-boxed elementor-invisible e-con e-child\" data-id=\"63033af\" data-element_type=\"container\" data-settings=\"{&quot;animation&quot;:&quot;fadeIn&quot;,&quot;animation_delay&quot;:200}\">\n\t\t\t\t\t<div class=\"e-con-inner\">\n\t\t<div class=\"elementor-element elementor-element-2a78db7 e-grid e-con-full e-con e-child\" data-id=\"2a78db7\" data-element_type=\"container\">\n\t\t\t\t<div class=\"elementor-element elementor-element-d2596bd elementor-widget elementor-widget-text-editor\" data-id=\"d2596bd\" data-element_type=\"widget\" data-widget_type=\"text-editor.default\">\n\t\t\t\t\t\t\t\t\t<p><strong>PRESIDENTA<\/strong><\/p><p>Raquel Garc\u00eda Mendez<\/p>\t\t\t\t\t\t\t\t<\/div>\n\t\t\t\t<div class=\"elementor-element elementor-element-fe45418 elementor-widget elementor-widget-text-editor\" data-id=\"fe45418\" data-element_type=\"widget\" data-widget_type=\"text-editor.default\">\n\t\t\t\t\t\t\t\t\t<p><strong>VICEPRESIDENTA<\/strong><\/p><p>Sabrina Gir\u00e1ldez Decena<\/p>\t\t\t\t\t\t\t\t<\/div>\n\t\t\t\t<\/div>\n\t\t\t\t<div class=\"elementor-element elementor-element-b716b75 elementor-widget elementor-widget-text-editor\" data-id=\"b716b75\" data-element_type=\"widget\" data-widget_type=\"text-editor.default\">\n\t\t\t\t\t\t\t\t\t<p style=\"text-align: center;\"><strong>SECRETARIA<\/strong><\/p><p style=\"text-align: center;\"><span style=\"font-style: inherit; font-weight: inherit;\">Isabel S\u00e1nchez Mercado<\/span><\/p><p style=\"text-align: center;\"><strong>TESORERA<\/strong><span style=\"font-style: inherit; font-weight: inherit;\">\u00a0<\/span><\/p><p style=\"text-align: center;\"><span style=\"font-style: inherit; font-weight: inherit;\">Siomara Acuedo Jim\u00e9nez<\/span><\/p>\t\t\t\t\t\t\t\t<\/div>\n\t\t<div class=\"elementor-element elementor-element-30b3469 e-grid e-con-full e-con e-child\" data-id=\"30b3469\" data-element_type=\"container\">\n\t\t\t\t<div class=\"elementor-element elementor-element-a130ef2 elementor-widget elementor-widget-text-editor\" data-id=\"a130ef2\" data-element_type=\"widget\" data-widget_type=\"text-editor.default\">\n\t\t\t\t\t\t\t\t\t<p><strong>VOCAL<\/strong><\/p><p>\u00a0Ver\u00f3nica Moreno Fern\u00e1ndez<\/p>\t\t\t\t\t\t\t\t<\/div>\n\t\t\t\t<div class=\"elementor-element elementor-element-c2e16aa elementor-widget elementor-widget-text-editor\" data-id=\"c2e16aa\" data-element_type=\"widget\" data-widget_type=\"text-editor.default\">\n\t\t\t\t\t\t\t\t\t<p><strong>VOCAL<\/strong><\/p><p>Tamara Hurtado N\u00fa\u00f1ez<\/p>\t\t\t\t\t\t\t\t<\/div>\n\t\t\t\t<\/div>\n\t\t\t\t\t<\/div>\n\t\t\t\t<\/div>\n\t\t<div class=\"elementor-element elementor-element-e2a3ed0 e-flex e-con-boxed elementor-invisible e-con e-child\" data-id=\"e2a3ed0\" data-element_type=\"container\" data-settings=\"{&quot;animation&quot;:&quot;fadeIn&quot;,&quot;animation_delay&quot;:400}\">\n\t\t\t\t\t<div class=\"e-con-inner\">\n\t\t<div class=\"elementor-element elementor-element-44776e8 e-con-full e-grid e-con e-child\" data-id=\"44776e8\" data-element_type=\"container\">\n\t\t\t\t<div class=\"elementor-element elementor-element-892eb4e elementor-widget elementor-widget-image\" data-id=\"892eb4e\" data-element_type=\"widget\" data-widget_type=\"image.default\">\n\t\t\t\t\t\t\t\t\t\t\t\t\t\t\t<img fetchpriority=\"high\" decoding=\"async\" width=\"616\" height=\"268\" src=\"https:\/\/ceiplorcaalcala.es\/wp-content\/uploads\/2025\/12\/foto-ampa.png\" class=\"attachment-full size-full wp-image-205\" alt=\"\" srcset=\"https:\/\/ceiplorcaalcala.es\/wp-content\/uploads\/2025\/12\/foto-ampa.png 616w, https:\/\/ceiplorcaalcala.es\/wp-content\/uploads\/2025\/12\/foto-ampa-300x131.png 300w\" sizes=\"(max-width: 616px) 100vw, 616px\" \/>\t\t\t\t\t\t\t\t\t\t\t\t\t\t\t<\/div>\n\t\t\t\t<div class=\"elementor-element elementor-element-48ce36b elementor-widget elementor-widget-text-editor\" data-id=\"48ce36b\" data-element_type=\"widget\" data-widget_type=\"text-editor.default\">\n\t\t\t\t\t\t\t\t\t<h2><strong>Contacto<\/strong><\/h2><p>Atenci\u00f3n telef\u00f3nica:<\/p><p style=\"text-align: center;\"><strong><span style=\"color: #3366ff;\"><u>624 300 612<\/u><\/span> \u00a0\u00a0<\/strong><\/p>\t\t\t\t\t\t\t\t<\/div>\n\t\t\t\t<div class=\"elementor-element elementor-element-107d4aa elementor-icon-list--layout-traditional elementor-list-item-link-full_width elementor-widget elementor-widget-icon-list\" data-id=\"107d4aa\" data-element_type=\"widget\" data-widget_type=\"icon-list.default\">\n\t\t\t\t\t\t\t<ul class=\"elementor-icon-list-items\">\n\t\t\t\t\t\t\t<li class=\"elementor-icon-list-item\">\n\t\t\t\t\t\t\t\t\t\t\t<a href=\"mailto:ampaarcoirisdh@hotmail.com\">\n\n\t\t\t\t\t\t\t\t\t\t\t\t<span class=\"elementor-icon-list-icon\">\n\t\t\t\t\t\t\t<svg aria-hidden=\"true\" class=\"e-font-icon-svg e-far-envelope\" viewBox=\"0 0 512 512\" xmlns=\"http:\/\/www.w3.org\/2000\/svg\"><path d=\"M464 64H48C21.49 64 0 85.49 0 112v288c0 26.51 21.49 48 48 48h416c26.51 0 48-21.49 48-48V112c0-26.51-21.49-48-48-48zm0 48v40.805c-22.422 18.259-58.168 46.651-134.587 106.49-16.841 13.247-50.201 45.072-73.413 44.701-23.208.375-56.579-31.459-73.413-44.701C106.18 199.465 70.425 171.067 48 152.805V112h416zM48 400V214.398c22.914 18.251 55.409 43.862 104.938 82.646 21.857 17.205 60.134 55.186 103.062 54.955 42.717.231 80.509-37.199 103.053-54.947 49.528-38.783 82.032-64.401 104.947-82.653V400H48z\"><\/path><\/svg>\t\t\t\t\t\t<\/span>\n\t\t\t\t\t\t\t\t\t\t<span class=\"elementor-icon-list-text\">Email<\/span>\n\t\t\t\t\t\t\t\t\t\t\t<\/a>\n\t\t\t\t\t\t\t\t\t<\/li>\n\t\t\t\t\t\t\t\t<li class=\"elementor-icon-list-item\">\n\t\t\t\t\t\t\t\t\t\t\t<a href=\"https:\/\/www.facebook.com\/pg\/ceiparconorte\/posts\/\">\n\n\t\t\t\t\t\t\t\t\t\t\t\t<span class=\"elementor-icon-list-icon\">\n\t\t\t\t\t\t\t<svg aria-hidden=\"true\" class=\"e-font-icon-svg e-fab-facebook-f\" viewBox=\"0 0 320 512\" xmlns=\"http:\/\/www.w3.org\/2000\/svg\"><path d=\"M279.14 288l14.22-92.66h-88.91v-60.13c0-25.35 12.42-50.06 52.24-50.06h40.42V6.26S260.43 0 225.36 0c-73.22 0-121.08 44.38-121.08 124.72v70.62H22.89V288h81.39v224h100.17V288z\"><\/path><\/svg>\t\t\t\t\t\t<\/span>\n\t\t\t\t\t\t\t\t\t\t<span class=\"elementor-icon-list-text\">Facebook<\/span>\n\t\t\t\t\t\t\t\t\t\t\t<\/a>\n\t\t\t\t\t\t\t\t\t<\/li>\n\t\t\t\t\t\t<\/ul>\n\t\t\t\t\t\t<\/div>\n\t\t\t\t<\/div>\n\t\t\t\t\t<\/div>\n\t\t\t\t<\/div>\n\t\t\t\t\t<\/div>\n\t\t\t\t<\/div>\n\t\t\t\t<\/div>\n\t\t","protected":false},"excerpt":{"rendered":"<p>AMPA PRESIDENTA Raquel Garc\u00eda Mendez VICEPRESIDENTA Sabrina Gir\u00e1ldez Decena SECRETARIA Isabel S\u00e1nchez Mercado TESORERA\u00a0 Siomara Acuedo Jim\u00e9nez VOCAL \u00a0Ver\u00f3nica Moreno [&hellip;]<\/p>\n","protected":false},"author":1,"featured_media":0,"parent":0,"menu_order":0,"comment_status":"closed","ping_status":"closed","template":"","meta":{"site-sidebar-layout":"no-sidebar","site-content-layout":"","ast-site-content-layout":"full-width-container","site-content-style":"default","site-sidebar-style":"default","ast-global-header-display":"","ast-banner-title-visibility":"","ast-main-header-display":"","ast-hfb-above-header-display":"","ast-hfb-below-header-display":"","ast-hfb-mobile-header-display":"","site-post-title":"disabled","ast-breadcrumbs-content":"","ast-featured-img":"disabled","footer-sml-layout":"","ast-disable-related-posts":"","theme-transparent-header-meta":"","adv-header-id-meta":"","stick-header-meta":"","header-above-stick-meta":"","header-main-stick-meta":"","header-below-stick-meta":"","astra-migrate-meta-layouts":"default","ast-page-background-enabled":"default","ast-page-background-meta":{"desktop":{"background-color":"var(--ast-global-color-5)","background-image":"","background-repeat":"repeat","background-position":"center center","background-size":"auto","background-attachment":"scroll","background-type":"","background-media":"","overlay-type":"","overlay-color":"","overlay-opacity":"","overlay-gradient":""},"tablet":{"background-color":"","background-image":"","background-repeat":"repeat","background-position":"center center","background-size":"auto","background-attachment":"scroll","background-type":"","background-media":"","overlay-type":"","overlay-color":"","overlay-opacity":"","overlay-gradient":""},"mobile":{"background-color":"","background-image":"","background-repeat":"repeat","background-position":"center center","background-size":"auto","background-attachment":"scroll","background-type":"","background-media":"","overlay-type":"","overlay-color":"","overlay-opacity":"","overlay-gradient":""}},"ast-content-background-meta":{"desktop":{"background-color":"var(--ast-global-color-4)","background-image":"","background-repeat":"repeat","background-position":"center center","background-size":"auto","background-attachment":"scroll","background-type":"","background-media":"","overlay-type":"","overlay-color":"","overlay-opacity":"","overlay-gradient":""},"tablet":{"background-color":"var(--ast-global-color-4)","background-image":"","background-repeat":"repeat","background-position":"center center","background-size":"auto","background-attachment":"scroll","background-type":"","background-media":"","overlay-type":"","overlay-color":"","overlay-opacity":"","overlay-gradient":""},"mobile":{"background-color":"var(--ast-global-color-4)","background-image":"","background-repeat":"repeat","background-position":"center center","background-size":"auto","background-attachment":"scroll","background-type":"","background-media":"","overlay-type":"","overlay-color":"","overlay-opacity":"","overlay-gradient":""}},"footnotes":""},"class_list":["post-54","page","type-page","status-publish","hentry"],"yoast_head":"<!-- This site is optimized with the Yoast SEO plugin v26.8 - https:\/\/yoast.com\/product\/yoast-seo-wordpress\/ -->\n<title>AMPA - CEIP Federico Garc\u00eda Lorca Alcal\u00e1 de Guada\u00edra<\/title>\n<meta name=\"robots\" content=\"index, follow, max-snippet:-1, max-image-preview:large, max-video-preview:-1\" \/>\n<link rel=\"canonical\" href=\"https:\/\/ceiplorcaalcala.es\/?page_id=54\" \/>\n<meta property=\"og:locale\" content=\"es_ES\" \/>\n<meta property=\"og:type\" content=\"article\" \/>\n<meta property=\"og:title\" content=\"AMPA - CEIP Federico Garc\u00eda Lorca Alcal\u00e1 de Guada\u00edra\" \/>\n<meta property=\"og:description\" content=\"AMPA PRESIDENTA Raquel Garc\u00eda Mendez VICEPRESIDENTA Sabrina Gir\u00e1ldez Decena SECRETARIA Isabel S\u00e1nchez Mercado TESORERA\u00a0 Siomara Acuedo Jim\u00e9nez VOCAL \u00a0Ver\u00f3nica Moreno [&hellip;]\" \/>\n<meta property=\"og:url\" content=\"https:\/\/ceiplorcaalcala.es\/?page_id=54\" \/>\n<meta property=\"og:site_name\" content=\"CEIP Federico Garc\u00eda Lorca Alcal\u00e1 de Guada\u00edra\" \/>\n<meta property=\"article:publisher\" content=\"https:\/\/www.facebook.com\/people\/CEIP-Federico-Garca-Lorca-Alcal-de-Guadara\/61554852114746\/?rdid=i92B83Ubh97aQqLF&amp;share_url=httpswww.facebook.comshare16QtpeRmpE\" \/>\n<meta property=\"article:modified_time\" content=\"2026-01-24T11:14:04+00:00\" \/>\n<meta property=\"og:image\" content=\"http:\/\/ceiplorcaalcala.es\/wp-content\/uploads\/2025\/12\/foto-ampa.png\" \/>\n<meta name=\"twitter:card\" content=\"summary_large_image\" \/>\n<meta name=\"twitter:label1\" content=\"Tiempo de lectura\" \/>\n\t<meta name=\"twitter:data1\" content=\"1 minuto\" \/>\n<script type=\"application\/ld+json\" class=\"yoast-schema-graph\">{\"@context\":\"https:\/\/schema.org\",\"@graph\":[{\"@type\":\"WebPage\",\"@id\":\"https:\/\/ceiplorcaalcala.es\/?page_id=54\",\"url\":\"https:\/\/ceiplorcaalcala.es\/?page_id=54\",\"name\":\"AMPA - CEIP Federico Garc\u00eda Lorca Alcal\u00e1 de Guada\u00edra\",\"isPartOf\":{\"@id\":\"https:\/\/ceiplorcaalcala.es\/#website\"},\"primaryImageOfPage\":{\"@id\":\"https:\/\/ceiplorcaalcala.es\/?page_id=54#primaryimage\"},\"image\":{\"@id\":\"https:\/\/ceiplorcaalcala.es\/?page_id=54#primaryimage\"},\"thumbnailUrl\":\"http:\/\/ceiplorcaalcala.es\/wp-content\/uploads\/2025\/12\/foto-ampa.png\",\"datePublished\":\"2025-11-03T19:54:53+00:00\",\"dateModified\":\"2026-01-24T11:14:04+00:00\",\"breadcrumb\":{\"@id\":\"https:\/\/ceiplorcaalcala.es\/?page_id=54#breadcrumb\"},\"inLanguage\":\"es\",\"potentialAction\":[{\"@type\":\"ReadAction\",\"target\":[\"https:\/\/ceiplorcaalcala.es\/?page_id=54\"]}]},{\"@type\":\"ImageObject\",\"inLanguage\":\"es\",\"@id\":\"https:\/\/ceiplorcaalcala.es\/?page_id=54#primaryimage\",\"url\":\"https:\/\/ceiplorcaalcala.es\/wp-content\/uploads\/2025\/12\/foto-ampa.png\",\"contentUrl\":\"https:\/\/ceiplorcaalcala.es\/wp-content\/uploads\/2025\/12\/foto-ampa.png\",\"width\":616,\"height\":268},{\"@type\":\"BreadcrumbList\",\"@id\":\"https:\/\/ceiplorcaalcala.es\/?page_id=54#breadcrumb\",\"itemListElement\":[{\"@type\":\"ListItem\",\"position\":1,\"name\":\"Portada\",\"item\":\"https:\/\/ceiplorcaalcala.es\/\"},{\"@type\":\"ListItem\",\"position\":2,\"name\":\"AMPA\"}]},{\"@type\":\"WebSite\",\"@id\":\"https:\/\/ceiplorcaalcala.es\/#website\",\"url\":\"https:\/\/ceiplorcaalcala.es\/\",\"name\":\"CEIP Federico Garc\u00eda Lorca Alcal\u00e1 de Guada\u00edra\",\"description\":\"Centro educativo de Primaria a Infantil\",\"publisher\":{\"@id\":\"https:\/\/ceiplorcaalcala.es\/#organization\"},\"potentialAction\":[{\"@type\":\"SearchAction\",\"target\":{\"@type\":\"EntryPoint\",\"urlTemplate\":\"https:\/\/ceiplorcaalcala.es\/?s={search_term_string}\"},\"query-input\":{\"@type\":\"PropertyValueSpecification\",\"valueRequired\":true,\"valueName\":\"search_term_string\"}}],\"inLanguage\":\"es\"},{\"@type\":\"Organization\",\"@id\":\"https:\/\/ceiplorcaalcala.es\/#organization\",\"name\":\"CEIP Federico Garc\u00eda Lorca Alcal\u00e1 de Guada\u00edra\",\"url\":\"https:\/\/ceiplorcaalcala.es\/\",\"logo\":{\"@type\":\"ImageObject\",\"inLanguage\":\"es\",\"@id\":\"https:\/\/ceiplorcaalcala.es\/#\/schema\/logo\/image\/\",\"url\":\"https:\/\/ceiplorcaalcala.es\/wp-content\/uploads\/2025\/11\/412127421_122094950774161737_3739929043574763178_n.jpg\",\"contentUrl\":\"https:\/\/ceiplorcaalcala.es\/wp-content\/uploads\/2025\/11\/412127421_122094950774161737_3739929043574763178_n.jpg\",\"width\":960,\"height\":960,\"caption\":\"CEIP Federico Garc\u00eda Lorca Alcal\u00e1 de Guada\u00edra\"},\"image\":{\"@id\":\"https:\/\/ceiplorcaalcala.es\/#\/schema\/logo\/image\/\"},\"sameAs\":[\"https:\/\/www.facebook.com\/people\/CEIP-Federico-Garca-Lorca-Alcal-de-Guadara\/61554852114746\/?rdid=i92B83Ubh97aQqLF&share_url=httpswww.facebook.comshare16QtpeRmpE\"]}]}<\/script>\n<!-- \/ Yoast SEO plugin. -->","yoast_head_json":{"title":"AMPA - CEIP Federico Garc\u00eda Lorca Alcal\u00e1 de Guada\u00edra","robots":{"index":"index","follow":"follow","max-snippet":"max-snippet:-1","max-image-preview":"max-image-preview:large","max-video-preview":"max-video-preview:-1"},"canonical":"https:\/\/ceiplorcaalcala.es\/?page_id=54","og_locale":"es_ES","og_type":"article","og_title":"AMPA - CEIP Federico Garc\u00eda Lorca Alcal\u00e1 de Guada\u00edra","og_description":"AMPA PRESIDENTA Raquel Garc\u00eda Mendez VICEPRESIDENTA Sabrina Gir\u00e1ldez Decena SECRETARIA Isabel S\u00e1nchez Mercado TESORERA\u00a0 Siomara Acuedo Jim\u00e9nez VOCAL \u00a0Ver\u00f3nica Moreno [&hellip;]","og_url":"https:\/\/ceiplorcaalcala.es\/?page_id=54","og_site_name":"CEIP Federico Garc\u00eda Lorca Alcal\u00e1 de Guada\u00edra","article_publisher":"https:\/\/www.facebook.com\/people\/CEIP-Federico-Garca-Lorca-Alcal-de-Guadara\/61554852114746\/?rdid=i92B83Ubh97aQqLF&share_url=httpswww.facebook.comshare16QtpeRmpE","article_modified_time":"2026-01-24T11:14:04+00:00","og_image":[{"url":"http:\/\/ceiplorcaalcala.es\/wp-content\/uploads\/2025\/12\/foto-ampa.png","type":"","width":"","height":""}],"twitter_card":"summary_large_image","twitter_misc":{"Tiempo de lectura":"1 minuto"},"schema":{"@context":"https:\/\/schema.org","@graph":[{"@type":"WebPage","@id":"https:\/\/ceiplorcaalcala.es\/?page_id=54","url":"https:\/\/ceiplorcaalcala.es\/?page_id=54","name":"AMPA - CEIP Federico Garc\u00eda Lorca Alcal\u00e1 de Guada\u00edra","isPartOf":{"@id":"https:\/\/ceiplorcaalcala.es\/#website"},"primaryImageOfPage":{"@id":"https:\/\/ceiplorcaalcala.es\/?page_id=54#primaryimage"},"image":{"@id":"https:\/\/ceiplorcaalcala.es\/?page_id=54#primaryimage"},"thumbnailUrl":"http:\/\/ceiplorcaalcala.es\/wp-content\/uploads\/2025\/12\/foto-ampa.png","datePublished":"2025-11-03T19:54:53+00:00","dateModified":"2026-01-24T11:14:04+00:00","breadcrumb":{"@id":"https:\/\/ceiplorcaalcala.es\/?page_id=54#breadcrumb"},"inLanguage":"es","potentialAction":[{"@type":"ReadAction","target":["https:\/\/ceiplorcaalcala.es\/?page_id=54"]}]},{"@type":"ImageObject","inLanguage":"es","@id":"https:\/\/ceiplorcaalcala.es\/?page_id=54#primaryimage","url":"https:\/\/ceiplorcaalcala.es\/wp-content\/uploads\/2025\/12\/foto-ampa.png","contentUrl":"https:\/\/ceiplorcaalcala.es\/wp-content\/uploads\/2025\/12\/foto-ampa.png","width":616,"height":268},{"@type":"BreadcrumbList","@id":"https:\/\/ceiplorcaalcala.es\/?page_id=54#breadcrumb","itemListElement":[{"@type":"ListItem","position":1,"name":"Portada","item":"https:\/\/ceiplorcaalcala.es\/"},{"@type":"ListItem","position":2,"name":"AMPA"}]},{"@type":"WebSite","@id":"https:\/\/ceiplorcaalcala.es\/#website","url":"https:\/\/ceiplorcaalcala.es\/","name":"CEIP Federico Garc\u00eda Lorca Alcal\u00e1 de Guada\u00edra","description":"Centro educativo de Primaria a Infantil","publisher":{"@id":"https:\/\/ceiplorcaalcala.es\/#organization"},"potentialAction":[{"@type":"SearchAction","target":{"@type":"EntryPoint","urlTemplate":"https:\/\/ceiplorcaalcala.es\/?s={search_term_string}"},"query-input":{"@type":"PropertyValueSpecification","valueRequired":true,"valueName":"search_term_string"}}],"inLanguage":"es"},{"@type":"Organization","@id":"https:\/\/ceiplorcaalcala.es\/#organization","name":"CEIP Federico Garc\u00eda Lorca Alcal\u00e1 de Guada\u00edra","url":"https:\/\/ceiplorcaalcala.es\/","logo":{"@type":"ImageObject","inLanguage":"es","@id":"https:\/\/ceiplorcaalcala.es\/#\/schema\/logo\/image\/","url":"https:\/\/ceiplorcaalcala.es\/wp-content\/uploads\/2025\/11\/412127421_122094950774161737_3739929043574763178_n.jpg","contentUrl":"https:\/\/ceiplorcaalcala.es\/wp-content\/uploads\/2025\/11\/412127421_122094950774161737_3739929043574763178_n.jpg","width":960,"height":960,"caption":"CEIP Federico Garc\u00eda Lorca Alcal\u00e1 de Guada\u00edra"},"image":{"@id":"https:\/\/ceiplorcaalcala.es\/#\/schema\/logo\/image\/"},"sameAs":["https:\/\/www.facebook.com\/people\/CEIP-Federico-Garca-Lorca-Alcal-de-Guadara\/61554852114746\/?rdid=i92B83Ubh97aQqLF&share_url=httpswww.facebook.comshare16QtpeRmpE"]}]}},"_links":{"self":[{"href":"https:\/\/ceiplorcaalcala.es\/index.php?rest_route=\/wp\/v2\/pages\/54","targetHints":{"allow":["GET"]}}],"collection":[{"href":"https:\/\/ceiplorcaalcala.es\/index.php?rest_route=\/wp\/v2\/pages"}],"about":[{"href":"https:\/\/ceiplorcaalcala.es\/index.php?rest_route=\/wp\/v2\/types\/page"}],"author":[{"embeddable":true,"href":"https:\/\/ceiplorcaalcala.es\/index.php?rest_route=\/wp\/v2\/users\/1"}],"replies":[{"embeddable":true,"href":"https:\/\/ceiplorcaalcala.es\/index.php?rest_route=%2Fwp%2Fv2%2Fcomments&post=54"}],"version-history":[{"count":34,"href":"https:\/\/ceiplorcaalcala.es\/index.php?rest_route=\/wp\/v2\/pages\/54\/revisions"}],"predecessor-version":[{"id":423,"href":"https:\/\/ceiplorcaalcala.es\/index.php?rest_route=\/wp\/v2\/pages\/54\/revisions\/423"}],"wp:attachment":[{"href":"https:\/\/ceiplorcaalcala.es\/index.php?rest_route=%2Fwp%2Fv2%2Fmedia&parent=54"}],"curies":[{"name":"wp","href":"https:\/\/api.w.org\/{rel}","templated":true}]}}