{"id":691,"date":"2026-01-29T10:31:53","date_gmt":"2026-01-29T10:31:53","guid":{"rendered":"https:\/\/ceiplorcaalcala.es\/?page_id=691"},"modified":"2026-01-29T10:33:51","modified_gmt":"2026-01-29T10:33:51","slug":"noticias-2","status":"publish","type":"page","link":"https:\/\/ceiplorcaalcala.es\/?page_id=691","title":{"rendered":"Noticias"},"content":{"rendered":"\t\t<div data-elementor-type=\"wp-page\" data-elementor-id=\"691\" class=\"elementor elementor-691\" data-elementor-post-type=\"page\">\n\t\t\t\t<div class=\"elementor-element elementor-element-3f36074 e-flex e-con-boxed e-con e-parent\" data-id=\"3f36074\" data-element_type=\"container\" data-settings=\"{&quot;background_background&quot;:&quot;classic&quot;}\">\n\t\t\t\t\t<div class=\"e-con-inner\">\n\t\t\t\t<div class=\"elementor-element elementor-element-575a3fc3 elementor-widget elementor-widget-heading\" data-id=\"575a3fc3\" data-element_type=\"widget\" data-widget_type=\"heading.default\">\n\t\t\t\t\t<h2 class=\"elementor-heading-title elementor-size-default\">Noticias<\/h2>\t\t\t\t<\/div>\n\t\t\t\t\t<\/div>\n\t\t\t\t<\/div>\n\t\t<div class=\"elementor-element elementor-element-277c83e e-flex e-con-boxed e-con e-parent\" data-id=\"277c83e\" data-element_type=\"container\">\n\t\t\t\t\t<div class=\"e-con-inner\">\n\t\t\t\t<div class=\"elementor-element elementor-element-69ed81c elementor-grid-3 elementor-grid-tablet-2 elementor-grid-mobile-1 elementor-posts--thumbnail-top elementor-widget elementor-widget-posts\" data-id=\"69ed81c\" data-element_type=\"widget\" data-settings=\"{&quot;pagination_type&quot;:&quot;numbers_and_prev_next&quot;,&quot;classic_columns&quot;:&quot;3&quot;,&quot;classic_columns_tablet&quot;:&quot;2&quot;,&quot;classic_columns_mobile&quot;:&quot;1&quot;,&quot;classic_row_gap&quot;:{&quot;unit&quot;:&quot;px&quot;,&quot;size&quot;:35,&quot;sizes&quot;:[]},&quot;classic_row_gap_tablet&quot;:{&quot;unit&quot;:&quot;px&quot;,&quot;size&quot;:&quot;&quot;,&quot;sizes&quot;:[]},&quot;classic_row_gap_mobile&quot;:{&quot;unit&quot;:&quot;px&quot;,&quot;size&quot;:&quot;&quot;,&quot;sizes&quot;:[]}}\" data-widget_type=\"posts.classic\">\n\t\t\t\t<div class=\"elementor-widget-container\">\n\t\t\t\t\t\t\t<div class=\"elementor-posts-container elementor-posts elementor-posts--skin-classic elementor-grid\" role=\"list\">\n\t\t\t\t<article class=\"elementor-post elementor-grid-item post-1009 post type-post status-publish format-standard hentry category-noticias\" role=\"listitem\">\n\t\t\t\t<div class=\"elementor-post__text\">\n\t\t\t\t<h3 class=\"elementor-post__title\">\n\t\t\t<a href=\"https:\/\/ceiplorcaalcala.es\/?p=1009\" >\n\t\t\t\tVIERNES 27 DE MARZO DE 2026\t\t\t<\/a>\n\t\t<\/h3>\n\t\t\t\t<div class=\"elementor-post__meta-data\">\n\t\t\t\t\t<span class=\"elementor-post-date\">\n\t\t\tabril 6, 2026\t\t<\/span>\n\t\t\t\t<span class=\"elementor-post-avatar\">\n\t\t\tNo hay comentarios\t\t<\/span>\n\t\t\t\t<\/div>\n\t\t\t\t<div class=\"elementor-post__excerpt\">\n\t\t\t<p>Finalizamos el trimestre con las \u00faltimas visitas a la exposici\u00f3n de semana santa y un rico desayuno regalo de nuestra<\/p>\n\t\t<\/div>\n\t\t\n\t\t<a class=\"elementor-post__read-more\" href=\"https:\/\/ceiplorcaalcala.es\/?p=1009\" aria-label=\"Read more about VIERNES 27 DE MARZO DE 2026\" tabindex=\"-1\" >\n\t\t\tLeer m\u00e1s \u00bb\t\t<\/a>\n\n\t\t\t\t<\/div>\n\t\t\t\t<\/article>\n\t\t\t\t<article class=\"elementor-post elementor-grid-item post-980 post type-post status-publish format-standard hentry category-noticias\" role=\"listitem\">\n\t\t\t\t<div class=\"elementor-post__text\">\n\t\t\t\t<h3 class=\"elementor-post__title\">\n\t\t\t<a href=\"https:\/\/ceiplorcaalcala.es\/?p=980\" >\n\t\t\t\tJUEVES 26 DE MARZO DE 2026\t\t\t<\/a>\n\t\t<\/h3>\n\t\t\t\t<div class=\"elementor-post__meta-data\">\n\t\t\t\t\t<span class=\"elementor-post-date\">\n\t\t\tabril 6, 2026\t\t<\/span>\n\t\t\t\t<span class=\"elementor-post-avatar\">\n\t\t\tNo hay comentarios\t\t<\/span>\n\t\t\t\t<\/div>\n\t\t\t\t<div class=\"elementor-post__excerpt\">\n\t\t\t<p>Excursi\u00f3n al parque Oromana con los alumnos\/as de 1\u00ba y 2\u00ba de primaria.<\/p>\n\t\t<\/div>\n\t\t\n\t\t<a class=\"elementor-post__read-more\" href=\"https:\/\/ceiplorcaalcala.es\/?p=980\" aria-label=\"Read more about JUEVES 26 DE MARZO DE 2026\" tabindex=\"-1\" >\n\t\t\tLeer m\u00e1s \u00bb\t\t<\/a>\n\n\t\t\t\t<\/div>\n\t\t\t\t<\/article>\n\t\t\t\t<article class=\"elementor-post elementor-grid-item post-995 post type-post status-publish format-standard hentry category-noticias\" role=\"listitem\">\n\t\t\t\t<div class=\"elementor-post__text\">\n\t\t\t\t<h3 class=\"elementor-post__title\">\n\t\t\t<a href=\"https:\/\/ceiplorcaalcala.es\/?p=995\" >\n\t\t\t\tMARTES 24 DE MARZO DE 2026\t\t\t<\/a>\n\t\t<\/h3>\n\t\t\t\t<div class=\"elementor-post__meta-data\">\n\t\t\t\t\t<span class=\"elementor-post-date\">\n\t\t\tabril 6, 2026\t\t<\/span>\n\t\t\t\t<span class=\"elementor-post-avatar\">\n\t\t\tNo hay comentarios\t\t<\/span>\n\t\t\t\t<\/div>\n\t\t\t\t<div class=\"elementor-post__excerpt\">\n\t\t\t<p>Esta semana hemos recibido dos nuevas obras de arte para la expo colectiva de Remedios Varo \ud83c\udfa8. Grandes artistas de<\/p>\n\t\t<\/div>\n\t\t\n\t\t<a class=\"elementor-post__read-more\" href=\"https:\/\/ceiplorcaalcala.es\/?p=995\" aria-label=\"Read more about MARTES 24 DE MARZO DE 2026\" tabindex=\"-1\" >\n\t\t\tLeer m\u00e1s \u00bb\t\t<\/a>\n\n\t\t\t\t<\/div>\n\t\t\t\t<\/article>\n\t\t\t\t<article class=\"elementor-post elementor-grid-item post-990 post type-post status-publish format-standard hentry category-noticias\" role=\"listitem\">\n\t\t\t\t<div class=\"elementor-post__text\">\n\t\t\t\t<h3 class=\"elementor-post__title\">\n\t\t\t<a href=\"https:\/\/ceiplorcaalcala.es\/?p=990\" >\n\t\t\t\tLUNES 23 DE MARZO DE 2026\t\t\t<\/a>\n\t\t<\/h3>\n\t\t\t\t<div class=\"elementor-post__meta-data\">\n\t\t\t\t\t<span class=\"elementor-post-date\">\n\t\t\tabril 6, 2026\t\t<\/span>\n\t\t\t\t<span class=\"elementor-post-avatar\">\n\t\t\tNo hay comentarios\t\t<\/span>\n\t\t\t\t<\/div>\n\t\t\t\t<div class=\"elementor-post__excerpt\">\n\t\t\t<p>Hoy en 2\u00ba hemos trabajado la resoluci\u00f3n de problemas con la metodolog\u00eda Thinking Classroom fomentando el trabajo cooperativo.<\/p>\n\t\t<\/div>\n\t\t\n\t\t<a class=\"elementor-post__read-more\" href=\"https:\/\/ceiplorcaalcala.es\/?p=990\" aria-label=\"Read more about LUNES 23 DE MARZO DE 2026\" tabindex=\"-1\" >\n\t\t\tLeer m\u00e1s \u00bb\t\t<\/a>\n\n\t\t\t\t<\/div>\n\t\t\t\t<\/article>\n\t\t\t\t<article class=\"elementor-post elementor-grid-item post-962 post type-post status-publish format-standard hentry category-noticias\" role=\"listitem\">\n\t\t\t\t<div class=\"elementor-post__text\">\n\t\t\t\t<h3 class=\"elementor-post__title\">\n\t\t\t<a href=\"https:\/\/ceiplorcaalcala.es\/?p=962\" >\n\t\t\t\tLUNES 23 DE MARZO DE 2026 AULA C\u00d3SMICA\t\t\t<\/a>\n\t\t<\/h3>\n\t\t\t\t<div class=\"elementor-post__meta-data\">\n\t\t\t\t\t<span class=\"elementor-post-date\">\n\t\t\tabril 6, 2026\t\t<\/span>\n\t\t\t\t<span class=\"elementor-post-avatar\">\n\t\t\tNo hay comentarios\t\t<\/span>\n\t\t\t\t<\/div>\n\t\t\t\t<div class=\"elementor-post__excerpt\">\n\t\t\t<p>Trabajo en el aula c\u00f3smica con el grupo de 1\u00b0 por grupos interactivos (obras de arte de paisajes,auto dictados con<\/p>\n\t\t<\/div>\n\t\t\n\t\t<a class=\"elementor-post__read-more\" href=\"https:\/\/ceiplorcaalcala.es\/?p=962\" aria-label=\"Read more about LUNES 23 DE MARZO DE 2026 AULA C\u00d3SMICA\" tabindex=\"-1\" >\n\t\t\tLeer m\u00e1s \u00bb\t\t<\/a>\n\n\t\t\t\t<\/div>\n\t\t\t\t<\/article>\n\t\t\t\t<article class=\"elementor-post elementor-grid-item post-946 post type-post status-publish format-standard hentry category-noticias\" role=\"listitem\">\n\t\t\t\t<div class=\"elementor-post__text\">\n\t\t\t\t<h3 class=\"elementor-post__title\">\n\t\t\t<a href=\"https:\/\/ceiplorcaalcala.es\/?p=946\" >\n\t\t\t\tLUNES 23 DE MARZO DE 2026\t\t\t<\/a>\n\t\t<\/h3>\n\t\t\t\t<div class=\"elementor-post__meta-data\">\n\t\t\t\t\t<span class=\"elementor-post-date\">\n\t\t\tabril 6, 2026\t\t<\/span>\n\t\t\t\t<span class=\"elementor-post-avatar\">\n\t\t\tNo hay comentarios\t\t<\/span>\n\t\t\t\t<\/div>\n\t\t\t\t<div class=\"elementor-post__excerpt\">\n\t\t\t<p>Esta semana en el aula 4 \u00a0hemos aprendido que saber decir NO es importante para no tener que comerte un<\/p>\n\t\t<\/div>\n\t\t\n\t\t<a class=\"elementor-post__read-more\" href=\"https:\/\/ceiplorcaalcala.es\/?p=946\" aria-label=\"Read more about LUNES 23 DE MARZO DE 2026\" tabindex=\"-1\" >\n\t\t\tLeer m\u00e1s \u00bb\t\t<\/a>\n\n\t\t\t\t<\/div>\n\t\t\t\t<\/article>\n\t\t\t\t<\/div>\n\t\t\n\t\t\t\t<div class=\"e-load-more-anchor\" data-page=\"1\" data-max-page=\"7\" data-next-page=\"https:\/\/ceiplorcaalcala.es\/index.php?rest_route=%2Fwp%2Fv2%2Fpages%2F691&#038;paged=2\"><\/div>\n\t\t\t\t<nav class=\"elementor-pagination\" aria-label=\"Pagination\">\n\t\t\t<span class=\"page-numbers prev\">&laquo; Anterior<\/span>\n<span aria-current=\"page\" class=\"page-numbers current\"><span class=\"elementor-screen-only\">Page<\/span>1<\/span>\n<a class=\"page-numbers\" href=\"https:\/\/ceiplorcaalcala.es\/index.php\/?paged=2\"><span class=\"elementor-screen-only\">Page<\/span>2<\/a>\n<a class=\"page-numbers\" href=\"https:\/\/ceiplorcaalcala.es\/index.php\/?paged=3\"><span class=\"elementor-screen-only\">Page<\/span>3<\/a>\n<a class=\"page-numbers\" href=\"https:\/\/ceiplorcaalcala.es\/index.php\/?paged=4\"><span class=\"elementor-screen-only\">Page<\/span>4<\/a>\n<a class=\"page-numbers\" href=\"https:\/\/ceiplorcaalcala.es\/index.php\/?paged=5\"><span class=\"elementor-screen-only\">Page<\/span>5<\/a>\n<a class=\"page-numbers next\" href=\"https:\/\/ceiplorcaalcala.es\/index.php?rest_route=%2Fwp%2Fv2%2Fpages%2F691&#038;paged=2\">Siguiente &raquo;<\/a>\t\t<\/nav>\n\t\t\t\t\t\t<\/div>\n\t\t\t\t<\/div>\n\t\t\t\t\t<\/div>\n\t\t\t\t<\/div>\n\t\t\t\t<\/div>\n\t\t","protected":false},"excerpt":{"rendered":"<p>Noticias<\/p>\n","protected":false},"author":1,"featured_media":0,"parent":0,"menu_order":0,"comment_status":"closed","ping_status":"closed","template":"","meta":{"site-sidebar-layout":"no-sidebar","site-content-layout":"","ast-site-content-layout":"full-width-container","site-content-style":"default","site-sidebar-style":"default","ast-global-header-display":"","ast-banner-title-visibility":"","ast-main-header-display":"","ast-hfb-above-header-display":"","ast-hfb-below-header-display":"","ast-hfb-mobile-header-display":"","site-post-title":"disabled","ast-breadcrumbs-content":"","ast-featured-img":"disabled","footer-sml-layout":"","ast-disable-related-posts":"","theme-transparent-header-meta":"","adv-header-id-meta":"","stick-header-meta":"","header-above-stick-meta":"","header-main-stick-meta":"","header-below-stick-meta":"","astra-migrate-meta-layouts":"default","ast-page-background-enabled":"default","ast-page-background-meta":{"desktop":{"background-color":"var(--ast-global-color-5)","background-image":"","background-repeat":"repeat","background-position":"center center","background-size":"auto","background-attachment":"scroll","background-type":"","background-media":"","overlay-type":"","overlay-color":"","overlay-opacity":"","overlay-gradient":""},"tablet":{"background-color":"","background-image":"","background-repeat":"repeat","background-position":"center center","background-size":"auto","background-attachment":"scroll","background-type":"","background-media":"","overlay-type":"","overlay-color":"","overlay-opacity":"","overlay-gradient":""},"mobile":{"background-color":"","background-image":"","background-repeat":"repeat","background-position":"center center","background-size":"auto","background-attachment":"scroll","background-type":"","background-media":"","overlay-type":"","overlay-color":"","overlay-opacity":"","overlay-gradient":""}},"ast-content-background-meta":{"desktop":{"background-color":"var(--ast-global-color-4)","background-image":"","background-repeat":"repeat","background-position":"center center","background-size":"auto","background-attachment":"scroll","background-type":"","background-media":"","overlay-type":"","overlay-color":"","overlay-opacity":"","overlay-gradient":""},"tablet":{"background-color":"var(--ast-global-color-4)","background-image":"","background-repeat":"repeat","background-position":"center center","background-size":"auto","background-attachment":"scroll","background-type":"","background-media":"","overlay-type":"","overlay-color":"","overlay-opacity":"","overlay-gradient":""},"mobile":{"background-color":"var(--ast-global-color-4)","background-image":"","background-repeat":"repeat","background-position":"center center","background-size":"auto","background-attachment":"scroll","background-type":"","background-media":"","overlay-type":"","overlay-color":"","overlay-opacity":"","overlay-gradient":""}},"footnotes":""},"class_list":["post-691","page","type-page","status-publish","hentry"],"yoast_head":"<!-- This site is optimized with the Yoast SEO plugin v26.8 - https:\/\/yoast.com\/product\/yoast-seo-wordpress\/ -->\n<title>Noticias - CEIP Federico Garc\u00eda Lorca Alcal\u00e1 de Guada\u00edra<\/title>\n<meta name=\"robots\" content=\"index, follow, max-snippet:-1, max-image-preview:large, max-video-preview:-1\" \/>\n<link rel=\"canonical\" href=\"https:\/\/ceiplorcaalcala.es\/?page_id=691\" \/>\n<meta property=\"og:locale\" content=\"es_ES\" \/>\n<meta property=\"og:type\" content=\"article\" \/>\n<meta property=\"og:title\" content=\"Noticias - CEIP Federico Garc\u00eda Lorca Alcal\u00e1 de Guada\u00edra\" \/>\n<meta property=\"og:description\" content=\"Noticias\" \/>\n<meta property=\"og:url\" content=\"https:\/\/ceiplorcaalcala.es\/?page_id=691\" \/>\n<meta property=\"og:site_name\" content=\"CEIP Federico Garc\u00eda Lorca Alcal\u00e1 de Guada\u00edra\" \/>\n<meta property=\"article:publisher\" content=\"https:\/\/www.facebook.com\/people\/CEIP-Federico-Garca-Lorca-Alcal-de-Guadara\/61554852114746\/?rdid=i92B83Ubh97aQqLF&amp;share_url=httpswww.facebook.comshare16QtpeRmpE\" \/>\n<meta property=\"article:modified_time\" content=\"2026-01-29T10:33:51+00:00\" \/>\n<meta name=\"twitter:card\" content=\"summary_large_image\" \/>\n<meta name=\"twitter:label1\" content=\"Tiempo de lectura\" \/>\n\t<meta name=\"twitter:data1\" content=\"6 minutos\" \/>\n<script type=\"application\/ld+json\" class=\"yoast-schema-graph\">{\"@context\":\"https:\/\/schema.org\",\"@graph\":[{\"@type\":\"WebPage\",\"@id\":\"https:\/\/ceiplorcaalcala.es\/?page_id=691\",\"url\":\"https:\/\/ceiplorcaalcala.es\/?page_id=691\",\"name\":\"Noticias - CEIP Federico Garc\u00eda Lorca Alcal\u00e1 de Guada\u00edra\",\"isPartOf\":{\"@id\":\"https:\/\/ceiplorcaalcala.es\/#website\"},\"datePublished\":\"2026-01-29T10:31:53+00:00\",\"dateModified\":\"2026-01-29T10:33:51+00:00\",\"breadcrumb\":{\"@id\":\"https:\/\/ceiplorcaalcala.es\/?page_id=691#breadcrumb\"},\"inLanguage\":\"es\",\"potentialAction\":[{\"@type\":\"ReadAction\",\"target\":[\"https:\/\/ceiplorcaalcala.es\/?page_id=691\"]}]},{\"@type\":\"BreadcrumbList\",\"@id\":\"https:\/\/ceiplorcaalcala.es\/?page_id=691#breadcrumb\",\"itemListElement\":[{\"@type\":\"ListItem\",\"position\":1,\"name\":\"Portada\",\"item\":\"https:\/\/ceiplorcaalcala.es\/\"},{\"@type\":\"ListItem\",\"position\":2,\"name\":\"Noticias\"}]},{\"@type\":\"WebSite\",\"@id\":\"https:\/\/ceiplorcaalcala.es\/#website\",\"url\":\"https:\/\/ceiplorcaalcala.es\/\",\"name\":\"CEIP Federico Garc\u00eda Lorca Alcal\u00e1 de Guada\u00edra\",\"description\":\"Centro educativo de Primaria a Infantil\",\"publisher\":{\"@id\":\"https:\/\/ceiplorcaalcala.es\/#organization\"},\"potentialAction\":[{\"@type\":\"SearchAction\",\"target\":{\"@type\":\"EntryPoint\",\"urlTemplate\":\"https:\/\/ceiplorcaalcala.es\/?s={search_term_string}\"},\"query-input\":{\"@type\":\"PropertyValueSpecification\",\"valueRequired\":true,\"valueName\":\"search_term_string\"}}],\"inLanguage\":\"es\"},{\"@type\":\"Organization\",\"@id\":\"https:\/\/ceiplorcaalcala.es\/#organization\",\"name\":\"CEIP Federico Garc\u00eda Lorca Alcal\u00e1 de Guada\u00edra\",\"url\":\"https:\/\/ceiplorcaalcala.es\/\",\"logo\":{\"@type\":\"ImageObject\",\"inLanguage\":\"es\",\"@id\":\"https:\/\/ceiplorcaalcala.es\/#\/schema\/logo\/image\/\",\"url\":\"https:\/\/ceiplorcaalcala.es\/wp-content\/uploads\/2025\/11\/412127421_122094950774161737_3739929043574763178_n.jpg\",\"contentUrl\":\"https:\/\/ceiplorcaalcala.es\/wp-content\/uploads\/2025\/11\/412127421_122094950774161737_3739929043574763178_n.jpg\",\"width\":960,\"height\":960,\"caption\":\"CEIP Federico Garc\u00eda Lorca Alcal\u00e1 de Guada\u00edra\"},\"image\":{\"@id\":\"https:\/\/ceiplorcaalcala.es\/#\/schema\/logo\/image\/\"},\"sameAs\":[\"https:\/\/www.facebook.com\/people\/CEIP-Federico-Garca-Lorca-Alcal-de-Guadara\/61554852114746\/?rdid=i92B83Ubh97aQqLF&share_url=httpswww.facebook.comshare16QtpeRmpE\"]}]}<\/script>\n<!-- \/ Yoast SEO plugin. -->","yoast_head_json":{"title":"Noticias - CEIP Federico Garc\u00eda Lorca Alcal\u00e1 de Guada\u00edra","robots":{"index":"index","follow":"follow","max-snippet":"max-snippet:-1","max-image-preview":"max-image-preview:large","max-video-preview":"max-video-preview:-1"},"canonical":"https:\/\/ceiplorcaalcala.es\/?page_id=691","og_locale":"es_ES","og_type":"article","og_title":"Noticias - CEIP Federico Garc\u00eda Lorca Alcal\u00e1 de Guada\u00edra","og_description":"Noticias","og_url":"https:\/\/ceiplorcaalcala.es\/?page_id=691","og_site_name":"CEIP Federico Garc\u00eda Lorca Alcal\u00e1 de Guada\u00edra","article_publisher":"https:\/\/www.facebook.com\/people\/CEIP-Federico-Garca-Lorca-Alcal-de-Guadara\/61554852114746\/?rdid=i92B83Ubh97aQqLF&share_url=httpswww.facebook.comshare16QtpeRmpE","article_modified_time":"2026-01-29T10:33:51+00:00","twitter_card":"summary_large_image","twitter_misc":{"Tiempo de lectura":"6 minutos"},"schema":{"@context":"https:\/\/schema.org","@graph":[{"@type":"WebPage","@id":"https:\/\/ceiplorcaalcala.es\/?page_id=691","url":"https:\/\/ceiplorcaalcala.es\/?page_id=691","name":"Noticias - CEIP Federico Garc\u00eda Lorca Alcal\u00e1 de Guada\u00edra","isPartOf":{"@id":"https:\/\/ceiplorcaalcala.es\/#website"},"datePublished":"2026-01-29T10:31:53+00:00","dateModified":"2026-01-29T10:33:51+00:00","breadcrumb":{"@id":"https:\/\/ceiplorcaalcala.es\/?page_id=691#breadcrumb"},"inLanguage":"es","potentialAction":[{"@type":"ReadAction","target":["https:\/\/ceiplorcaalcala.es\/?page_id=691"]}]},{"@type":"BreadcrumbList","@id":"https:\/\/ceiplorcaalcala.es\/?page_id=691#breadcrumb","itemListElement":[{"@type":"ListItem","position":1,"name":"Portada","item":"https:\/\/ceiplorcaalcala.es\/"},{"@type":"ListItem","position":2,"name":"Noticias"}]},{"@type":"WebSite","@id":"https:\/\/ceiplorcaalcala.es\/#website","url":"https:\/\/ceiplorcaalcala.es\/","name":"CEIP Federico Garc\u00eda Lorca Alcal\u00e1 de Guada\u00edra","description":"Centro educativo de Primaria a Infantil","publisher":{"@id":"https:\/\/ceiplorcaalcala.es\/#organization"},"potentialAction":[{"@type":"SearchAction","target":{"@type":"EntryPoint","urlTemplate":"https:\/\/ceiplorcaalcala.es\/?s={search_term_string}"},"query-input":{"@type":"PropertyValueSpecification","valueRequired":true,"valueName":"search_term_string"}}],"inLanguage":"es"},{"@type":"Organization","@id":"https:\/\/ceiplorcaalcala.es\/#organization","name":"CEIP Federico Garc\u00eda Lorca Alcal\u00e1 de Guada\u00edra","url":"https:\/\/ceiplorcaalcala.es\/","logo":{"@type":"ImageObject","inLanguage":"es","@id":"https:\/\/ceiplorcaalcala.es\/#\/schema\/logo\/image\/","url":"https:\/\/ceiplorcaalcala.es\/wp-content\/uploads\/2025\/11\/412127421_122094950774161737_3739929043574763178_n.jpg","contentUrl":"https:\/\/ceiplorcaalcala.es\/wp-content\/uploads\/2025\/11\/412127421_122094950774161737_3739929043574763178_n.jpg","width":960,"height":960,"caption":"CEIP Federico Garc\u00eda Lorca Alcal\u00e1 de Guada\u00edra"},"image":{"@id":"https:\/\/ceiplorcaalcala.es\/#\/schema\/logo\/image\/"},"sameAs":["https:\/\/www.facebook.com\/people\/CEIP-Federico-Garca-Lorca-Alcal-de-Guadara\/61554852114746\/?rdid=i92B83Ubh97aQqLF&share_url=httpswww.facebook.comshare16QtpeRmpE"]}]}},"_links":{"self":[{"href":"https:\/\/ceiplorcaalcala.es\/index.php?rest_route=\/wp\/v2\/pages\/691","targetHints":{"allow":["GET"]}}],"collection":[{"href":"https:\/\/ceiplorcaalcala.es\/index.php?rest_route=\/wp\/v2\/pages"}],"about":[{"href":"https:\/\/ceiplorcaalcala.es\/index.php?rest_route=\/wp\/v2\/types\/page"}],"author":[{"embeddable":true,"href":"https:\/\/ceiplorcaalcala.es\/index.php?rest_route=\/wp\/v2\/users\/1"}],"replies":[{"embeddable":true,"href":"https:\/\/ceiplorcaalcala.es\/index.php?rest_route=%2Fwp%2Fv2%2Fcomments&post=691"}],"version-history":[{"count":8,"href":"https:\/\/ceiplorcaalcala.es\/index.php?rest_route=\/wp\/v2\/pages\/691\/revisions"}],"predecessor-version":[{"id":699,"href":"https:\/\/ceiplorcaalcala.es\/index.php?rest_route=\/wp\/v2\/pages\/691\/revisions\/699"}],"wp:attachment":[{"href":"https:\/\/ceiplorcaalcala.es\/index.php?rest_route=%2Fwp%2Fv2%2Fmedia&parent=691"}],"curies":[{"name":"wp","href":"https:\/\/api.w.org\/{rel}","templated":true}]}}