{"id":81,"date":"2025-11-05T19:14:48","date_gmt":"2025-11-05T19:14:48","guid":{"rendered":"http:\/\/ceiplorcaalcala.es\/?page_id=81"},"modified":"2026-01-26T08:15:26","modified_gmt":"2026-01-26T08:15:26","slug":"eventos","status":"publish","type":"page","link":"https:\/\/ceiplorcaalcala.es\/?page_id=81","title":{"rendered":"Eventos"},"content":{"rendered":"\t\t<div data-elementor-type=\"wp-page\" data-elementor-id=\"81\" class=\"elementor elementor-81\" data-elementor-post-type=\"page\">\n\t\t\t\t<div class=\"elementor-element elementor-element-39e441b4 e-flex e-con-boxed e-con e-parent\" data-id=\"39e441b4\" data-element_type=\"container\" data-settings=\"{&quot;background_background&quot;:&quot;classic&quot;}\">\n\t\t\t\t\t<div class=\"e-con-inner\">\n\t\t\t\t<div class=\"elementor-element elementor-element-5452645f elementor-widget elementor-widget-heading\" data-id=\"5452645f\" data-element_type=\"widget\" data-widget_type=\"heading.default\">\n\t\t\t\t\t<h2 class=\"elementor-heading-title elementor-size-default\">Eventos<\/h2>\t\t\t\t<\/div>\n\t\t\t\t\t<\/div>\n\t\t\t\t<\/div>\n\t\t<div class=\"elementor-element elementor-element-dc73df7 e-flex e-con-boxed e-con e-parent\" data-id=\"dc73df7\" data-element_type=\"container\">\n\t\t\t\t\t<div class=\"e-con-inner\">\n\t\t\t\t<div class=\"elementor-element elementor-element-6a2ac4c elementor-widget elementor-widget-html\" data-id=\"6a2ac4c\" data-element_type=\"widget\" data-widget_type=\"html.default\">\n\t\t\t\t\t<iframe src=\"https:\/\/calendar.google.com\/calendar\/embed?src=41009470.documentos%40g.educaand.es&ctz=Europe%2FMadrid\" style=\"border: 0\" width=\"800\" height=\"600\" frameborder=\"0\" scrolling=\"no\"><\/iframe>\t\t\t\t<\/div>\n\t\t\t\t\t<\/div>\n\t\t\t\t<\/div>\n\t\t\t\t<\/div>\n\t\t","protected":false},"excerpt":{"rendered":"<p>Eventos<\/p>\n","protected":false},"author":1,"featured_media":0,"parent":0,"menu_order":0,"comment_status":"closed","ping_status":"closed","template":"","meta":{"site-sidebar-layout":"no-sidebar","site-content-layout":"","ast-site-content-layout":"full-width-container","site-content-style":"default","site-sidebar-style":"default","ast-global-header-display":"","ast-banner-title-visibility":"","ast-main-header-display":"","ast-hfb-above-header-display":"","ast-hfb-below-header-display":"","ast-hfb-mobile-header-display":"","site-post-title":"disabled","ast-breadcrumbs-content":"","ast-featured-img":"disabled","footer-sml-layout":"","ast-disable-related-posts":"","theme-transparent-header-meta":"","adv-header-id-meta":"","stick-header-meta":"","header-above-stick-meta":"","header-main-stick-meta":"","header-below-stick-meta":"","astra-migrate-meta-layouts":"default","ast-page-background-enabled":"default","ast-page-background-meta":{"desktop":{"background-color":"var(--ast-global-color-5)","background-image":"","background-repeat":"repeat","background-position":"center center","background-size":"auto","background-attachment":"scroll","background-type":"","background-media":"","overlay-type":"","overlay-color":"","overlay-opacity":"","overlay-gradient":""},"tablet":{"background-color":"","background-image":"","background-repeat":"repeat","background-position":"center center","background-size":"auto","background-attachment":"scroll","background-type":"","background-media":"","overlay-type":"","overlay-color":"","overlay-opacity":"","overlay-gradient":""},"mobile":{"background-color":"","background-image":"","background-repeat":"repeat","background-position":"center center","background-size":"auto","background-attachment":"scroll","background-type":"","background-media":"","overlay-type":"","overlay-color":"","overlay-opacity":"","overlay-gradient":""}},"ast-content-background-meta":{"desktop":{"background-color":"var(--ast-global-color-4)","background-image":"","background-repeat":"repeat","background-position":"center center","background-size":"auto","background-attachment":"scroll","background-type":"","background-media":"","overlay-type":"","overlay-color":"","overlay-opacity":"","overlay-gradient":""},"tablet":{"background-color":"var(--ast-global-color-4)","background-image":"","background-repeat":"repeat","background-position":"center center","background-size":"auto","background-attachment":"scroll","background-type":"","background-media":"","overlay-type":"","overlay-color":"","overlay-opacity":"","overlay-gradient":""},"mobile":{"background-color":"var(--ast-global-color-4)","background-image":"","background-repeat":"repeat","background-position":"center center","background-size":"auto","background-attachment":"scroll","background-type":"","background-media":"","overlay-type":"","overlay-color":"","overlay-opacity":"","overlay-gradient":""}},"footnotes":""},"class_list":["post-81","page","type-page","status-publish","hentry"],"yoast_head":"<!-- This site is optimized with the Yoast SEO plugin v26.8 - https:\/\/yoast.com\/product\/yoast-seo-wordpress\/ -->\n<title>Eventos - CEIP Federico Garc\u00eda Lorca Alcal\u00e1 de Guada\u00edra<\/title>\n<meta name=\"robots\" content=\"index, follow, max-snippet:-1, max-image-preview:large, max-video-preview:-1\" \/>\n<link rel=\"canonical\" href=\"https:\/\/ceiplorcaalcala.es\/?page_id=81\" \/>\n<meta property=\"og:locale\" content=\"es_ES\" \/>\n<meta property=\"og:type\" content=\"article\" \/>\n<meta property=\"og:title\" content=\"Eventos - CEIP Federico Garc\u00eda Lorca Alcal\u00e1 de Guada\u00edra\" \/>\n<meta property=\"og:description\" content=\"Eventos\" \/>\n<meta property=\"og:url\" content=\"https:\/\/ceiplorcaalcala.es\/?page_id=81\" \/>\n<meta property=\"og:site_name\" content=\"CEIP Federico Garc\u00eda Lorca Alcal\u00e1 de Guada\u00edra\" \/>\n<meta property=\"article:publisher\" content=\"https:\/\/www.facebook.com\/people\/CEIP-Federico-Garca-Lorca-Alcal-de-Guadara\/61554852114746\/?rdid=i92B83Ubh97aQqLF&amp;share_url=httpswww.facebook.comshare16QtpeRmpE\" \/>\n<meta property=\"article:modified_time\" content=\"2026-01-26T08:15:26+00:00\" \/>\n<meta name=\"twitter:card\" content=\"summary_large_image\" \/>\n<meta name=\"twitter:label1\" content=\"Tiempo de lectura\" \/>\n\t<meta name=\"twitter:data1\" content=\"1 minuto\" \/>\n<script type=\"application\/ld+json\" class=\"yoast-schema-graph\">{\"@context\":\"https:\/\/schema.org\",\"@graph\":[{\"@type\":\"WebPage\",\"@id\":\"https:\/\/ceiplorcaalcala.es\/?page_id=81\",\"url\":\"https:\/\/ceiplorcaalcala.es\/?page_id=81\",\"name\":\"Eventos - CEIP Federico Garc\u00eda Lorca Alcal\u00e1 de Guada\u00edra\",\"isPartOf\":{\"@id\":\"https:\/\/ceiplorcaalcala.es\/#website\"},\"datePublished\":\"2025-11-05T19:14:48+00:00\",\"dateModified\":\"2026-01-26T08:15:26+00:00\",\"breadcrumb\":{\"@id\":\"https:\/\/ceiplorcaalcala.es\/?page_id=81#breadcrumb\"},\"inLanguage\":\"es\",\"potentialAction\":[{\"@type\":\"ReadAction\",\"target\":[\"https:\/\/ceiplorcaalcala.es\/?page_id=81\"]}]},{\"@type\":\"BreadcrumbList\",\"@id\":\"https:\/\/ceiplorcaalcala.es\/?page_id=81#breadcrumb\",\"itemListElement\":[{\"@type\":\"ListItem\",\"position\":1,\"name\":\"Portada\",\"item\":\"https:\/\/ceiplorcaalcala.es\/\"},{\"@type\":\"ListItem\",\"position\":2,\"name\":\"Eventos\"}]},{\"@type\":\"WebSite\",\"@id\":\"https:\/\/ceiplorcaalcala.es\/#website\",\"url\":\"https:\/\/ceiplorcaalcala.es\/\",\"name\":\"CEIP Federico Garc\u00eda Lorca Alcal\u00e1 de Guada\u00edra\",\"description\":\"Centro educativo de Primaria a Infantil\",\"publisher\":{\"@id\":\"https:\/\/ceiplorcaalcala.es\/#organization\"},\"potentialAction\":[{\"@type\":\"SearchAction\",\"target\":{\"@type\":\"EntryPoint\",\"urlTemplate\":\"https:\/\/ceiplorcaalcala.es\/?s={search_term_string}\"},\"query-input\":{\"@type\":\"PropertyValueSpecification\",\"valueRequired\":true,\"valueName\":\"search_term_string\"}}],\"inLanguage\":\"es\"},{\"@type\":\"Organization\",\"@id\":\"https:\/\/ceiplorcaalcala.es\/#organization\",\"name\":\"CEIP Federico Garc\u00eda Lorca Alcal\u00e1 de Guada\u00edra\",\"url\":\"https:\/\/ceiplorcaalcala.es\/\",\"logo\":{\"@type\":\"ImageObject\",\"inLanguage\":\"es\",\"@id\":\"https:\/\/ceiplorcaalcala.es\/#\/schema\/logo\/image\/\",\"url\":\"https:\/\/ceiplorcaalcala.es\/wp-content\/uploads\/2025\/11\/412127421_122094950774161737_3739929043574763178_n.jpg\",\"contentUrl\":\"https:\/\/ceiplorcaalcala.es\/wp-content\/uploads\/2025\/11\/412127421_122094950774161737_3739929043574763178_n.jpg\",\"width\":960,\"height\":960,\"caption\":\"CEIP Federico Garc\u00eda Lorca Alcal\u00e1 de Guada\u00edra\"},\"image\":{\"@id\":\"https:\/\/ceiplorcaalcala.es\/#\/schema\/logo\/image\/\"},\"sameAs\":[\"https:\/\/www.facebook.com\/people\/CEIP-Federico-Garca-Lorca-Alcal-de-Guadara\/61554852114746\/?rdid=i92B83Ubh97aQqLF&share_url=httpswww.facebook.comshare16QtpeRmpE\"]}]}<\/script>\n<!-- \/ Yoast SEO plugin. -->","yoast_head_json":{"title":"Eventos - CEIP Federico Garc\u00eda Lorca Alcal\u00e1 de Guada\u00edra","robots":{"index":"index","follow":"follow","max-snippet":"max-snippet:-1","max-image-preview":"max-image-preview:large","max-video-preview":"max-video-preview:-1"},"canonical":"https:\/\/ceiplorcaalcala.es\/?page_id=81","og_locale":"es_ES","og_type":"article","og_title":"Eventos - CEIP Federico Garc\u00eda Lorca Alcal\u00e1 de Guada\u00edra","og_description":"Eventos","og_url":"https:\/\/ceiplorcaalcala.es\/?page_id=81","og_site_name":"CEIP Federico Garc\u00eda Lorca Alcal\u00e1 de Guada\u00edra","article_publisher":"https:\/\/www.facebook.com\/people\/CEIP-Federico-Garca-Lorca-Alcal-de-Guadara\/61554852114746\/?rdid=i92B83Ubh97aQqLF&share_url=httpswww.facebook.comshare16QtpeRmpE","article_modified_time":"2026-01-26T08:15:26+00:00","twitter_card":"summary_large_image","twitter_misc":{"Tiempo de lectura":"1 minuto"},"schema":{"@context":"https:\/\/schema.org","@graph":[{"@type":"WebPage","@id":"https:\/\/ceiplorcaalcala.es\/?page_id=81","url":"https:\/\/ceiplorcaalcala.es\/?page_id=81","name":"Eventos - CEIP Federico Garc\u00eda Lorca Alcal\u00e1 de Guada\u00edra","isPartOf":{"@id":"https:\/\/ceiplorcaalcala.es\/#website"},"datePublished":"2025-11-05T19:14:48+00:00","dateModified":"2026-01-26T08:15:26+00:00","breadcrumb":{"@id":"https:\/\/ceiplorcaalcala.es\/?page_id=81#breadcrumb"},"inLanguage":"es","potentialAction":[{"@type":"ReadAction","target":["https:\/\/ceiplorcaalcala.es\/?page_id=81"]}]},{"@type":"BreadcrumbList","@id":"https:\/\/ceiplorcaalcala.es\/?page_id=81#breadcrumb","itemListElement":[{"@type":"ListItem","position":1,"name":"Portada","item":"https:\/\/ceiplorcaalcala.es\/"},{"@type":"ListItem","position":2,"name":"Eventos"}]},{"@type":"WebSite","@id":"https:\/\/ceiplorcaalcala.es\/#website","url":"https:\/\/ceiplorcaalcala.es\/","name":"CEIP Federico Garc\u00eda Lorca Alcal\u00e1 de Guada\u00edra","description":"Centro educativo de Primaria a Infantil","publisher":{"@id":"https:\/\/ceiplorcaalcala.es\/#organization"},"potentialAction":[{"@type":"SearchAction","target":{"@type":"EntryPoint","urlTemplate":"https:\/\/ceiplorcaalcala.es\/?s={search_term_string}"},"query-input":{"@type":"PropertyValueSpecification","valueRequired":true,"valueName":"search_term_string"}}],"inLanguage":"es"},{"@type":"Organization","@id":"https:\/\/ceiplorcaalcala.es\/#organization","name":"CEIP Federico Garc\u00eda Lorca Alcal\u00e1 de Guada\u00edra","url":"https:\/\/ceiplorcaalcala.es\/","logo":{"@type":"ImageObject","inLanguage":"es","@id":"https:\/\/ceiplorcaalcala.es\/#\/schema\/logo\/image\/","url":"https:\/\/ceiplorcaalcala.es\/wp-content\/uploads\/2025\/11\/412127421_122094950774161737_3739929043574763178_n.jpg","contentUrl":"https:\/\/ceiplorcaalcala.es\/wp-content\/uploads\/2025\/11\/412127421_122094950774161737_3739929043574763178_n.jpg","width":960,"height":960,"caption":"CEIP Federico Garc\u00eda Lorca Alcal\u00e1 de Guada\u00edra"},"image":{"@id":"https:\/\/ceiplorcaalcala.es\/#\/schema\/logo\/image\/"},"sameAs":["https:\/\/www.facebook.com\/people\/CEIP-Federico-Garca-Lorca-Alcal-de-Guadara\/61554852114746\/?rdid=i92B83Ubh97aQqLF&share_url=httpswww.facebook.comshare16QtpeRmpE"]}]}},"_links":{"self":[{"href":"https:\/\/ceiplorcaalcala.es\/index.php?rest_route=\/wp\/v2\/pages\/81","targetHints":{"allow":["GET"]}}],"collection":[{"href":"https:\/\/ceiplorcaalcala.es\/index.php?rest_route=\/wp\/v2\/pages"}],"about":[{"href":"https:\/\/ceiplorcaalcala.es\/index.php?rest_route=\/wp\/v2\/types\/page"}],"author":[{"embeddable":true,"href":"https:\/\/ceiplorcaalcala.es\/index.php?rest_route=\/wp\/v2\/users\/1"}],"replies":[{"embeddable":true,"href":"https:\/\/ceiplorcaalcala.es\/index.php?rest_route=%2Fwp%2Fv2%2Fcomments&post=81"}],"version-history":[{"count":13,"href":"https:\/\/ceiplorcaalcala.es\/index.php?rest_route=\/wp\/v2\/pages\/81\/revisions"}],"predecessor-version":[{"id":484,"href":"https:\/\/ceiplorcaalcala.es\/index.php?rest_route=\/wp\/v2\/pages\/81\/revisions\/484"}],"wp:attachment":[{"href":"https:\/\/ceiplorcaalcala.es\/index.php?rest_route=%2Fwp%2Fv2%2Fmedia&parent=81"}],"curies":[{"name":"wp","href":"https:\/\/api.w.org\/{rel}","templated":true}]}}